{"id":16,"date":"2016-02-23T21:42:01","date_gmt":"2016-02-23T20:42:01","guid":{"rendered":"http:\/\/kaffischerhude.de\/?page_id=16"},"modified":"2019-05-02T12:42:06","modified_gmt":"2019-05-02T10:42:06","slug":"museumsshop","status":"publish","type":"page","link":"https:\/\/kaffischerhude.de\/en\/museumsshop\/","title":{"rendered":"Kataloge &#038; Publikationen"},"content":{"rendered":"<h1>Kataloge und Publikationen<\/h1>\n<p>Die KaFF-Editionen und &#8220;Blumenwald und Vogelbaum&#8221; erhalten Sie im Museum oder als <a href=\"http:\/\/kaffischerhude.de\/kontakt\/\">Bestellung <\/a>per Postversand zuz\u00fcgl. Porto.<\/p>\n<h2><strong>KaFF Editionen 2: Zwei Freunde. Zwei Maler. Werner Z\u00f6hl und Erhard Mitzlaff<\/strong><\/h2>\n<p><strong>Broschur mit 100 Werkreproduktionen und Texten von Margarethe Z\u00f6hl, Hanna Mitzlaff, Wolfdietmar Stock u.a., Redaktion Caroline Z\u00f6hl, Euro 15, &#8211;<\/strong><\/p>\n<p><img loading=\"lazy\" decoding=\"async\" class=\"alignleft wp-image-1315\" src=\"https:\/\/kaffischerhude.de\/wp-content\/uploads\/KaFF-Ed-2-1779x2500.jpg\" alt=\"\" width=\"197\" height=\"277\" srcset=\"https:\/\/kaffischerhude.de\/wp-content\/uploads\/KaFF-Ed-2-1779x2500.jpg 1779w, https:\/\/kaffischerhude.de\/wp-content\/uploads\/KaFF-Ed-2-213x300.jpg 213w\" sizes=\"auto, (max-width: 197px) 100vw, 197px\" \/>Erhard Mitzlaff (1916-1991) und Werner Z\u00f6hl (1926-2012) haben \u00fcber Jahrzehnte parallel in der Surheide in Fischerhude gearbeitet. Die beiden Maler verband die intensive Pr\u00e4gung durch die Malerei der Klassischen Moderne und deren Abstraktionen, bei der sie beide dem Gegenst\u00e4nd verpflichtet blieben.\u00a0 Die KaFF-Edition 2 stellt erstmals ihr Werk mit zahlreichen Reproduktionen gegen\u00fcber; durch die Werkphasen, gemeinsamen Interessen und Themen sowie ihr unterschiedliches Temperament und getrennte Entwicklungen. Texte verschiedener Autoren und Selbstaussagen der beiden Maler erhellen die Werke. Pers\u00f6nliche Erinnerungen und Fotos bieten Einblicke in die K\u00fcnstlerfreundschaft.<\/p>\n<p>&nbsp;<\/p>\n<p>&nbsp;<\/p>\n<p>&nbsp;<\/p>\n<h2>KaFF Editionen 1: Werner Z\u00f6hl. Unbeirrt<\/h2>\n<p><strong>Broschur mit 55 Abbildungen, Text Ina Nettekoven, Vorwort Caroline Z\u00f6hl, Euro 15, &#8211;<\/strong><\/p>\n<div class=\"arconix-column-one-third\">\n<p><img loading=\"lazy\" decoding=\"async\" class=\"alignleft  wp-image-889\" src=\"http:\/\/kaffischerhude.de\/wp-content\/uploads\/CoverKaFF-Editionen-Nr-1-1765x2500.jpg\" alt=\"coverkaff-editionen-nr-1\" width=\"277\" height=\"392\" srcset=\"https:\/\/kaffischerhude.de\/wp-content\/uploads\/CoverKaFF-Editionen-Nr-1-1765x2500.jpg 1765w, https:\/\/kaffischerhude.de\/wp-content\/uploads\/CoverKaFF-Editionen-Nr-1-212x300.jpg 212w\" sizes=\"auto, (max-width: 277px) 100vw, 277px\" \/><\/p>\n<\/div><div class=\"arconix-column-two-thirds arconix-column-last\">\n<p>Zum 90. Geburtstag des K\u00fcnstlers Werner Z\u00f6hl bietet die erste Ausgabe der Reihe KaFF Editionen einen \u00dcberblick \u00fcber die wichtigsten Phasen und Werkgruppen im Oeuvre des 2012 verstorbenen K\u00fcnstlers. Die k\u00fcnstlerische Entwicklung erschlie\u00dfen ein Aufsatz und 40 Bildbetrachtungen von der in Basel und Bonn t\u00e4tigen Kunsthistorikerin Ina Nettekoven, dazu ein Vorwort von Caroline Z\u00f6hl.<\/div><div style=\"clear:both;\"><\/div><\/p>\n<h2>Werner Z\u00f6hl. Blumenwald und Vogelbaum<\/h2>\n<p><strong>Erweiterne Neuauflage 2012, Euro 24,-<\/strong><\/p>\n<div class=\"arconix-column-one-third\">\n<p><img loading=\"lazy\" decoding=\"async\" class=\"alignleft size-full wp-image-903\" src=\"http:\/\/kaffischerhude.de\/wp-content\/uploads\/Blumenwald-rot.jpg\" alt=\"blumenwald-rot\" width=\"387\" height=\"500\" srcset=\"https:\/\/kaffischerhude.de\/wp-content\/uploads\/Blumenwald-rot.jpg 387w, https:\/\/kaffischerhude.de\/wp-content\/uploads\/Blumenwald-rot-232x300.jpg 232w\" sizes=\"auto, (max-width: 387px) 100vw, 387px\" \/><\/p>\n<\/div><div class=\"arconix-column-two-thirds arconix-column-last\">\n<p>Bilder aus sechs Jahrzehnten des Fischerhunder Malers. Mit Beitr\u00e4gen von Herbert Albrecht, Willy Athenst\u00e4dt, Margarethe Bertzbach, G\u00fcnter Bommert, Heiko J\u00f6rn, Traugott Koch, Willy Kramp, Uwe Lehmann, Hans-Dieter Mahlstedt, Wolf-Dietmar Stock, J\u00fcrgen Weichhardt<\/div><div style=\"clear:both;\"><\/div><\/p>\n<h2>Werner Z\u00f6hl. Blumenwald und Vogelbaum<\/h2>\n<p><strong>Erstausgabe, Euro 18,-<\/strong><\/p>\n<div class=\"arconix-column-one-third\">\n<p><img loading=\"lazy\" decoding=\"async\" class=\"alignleft size-full wp-image-141\" src=\"http:\/\/kaffischerhude.de\/wp-content\/uploads\/publikationen-1.jpg\" alt=\"publikationen-1\" width=\"280\" height=\"359\" srcset=\"https:\/\/kaffischerhude.de\/wp-content\/uploads\/publikationen-1.jpg 280w, https:\/\/kaffischerhude.de\/wp-content\/uploads\/publikationen-1-234x300.jpg 234w\" sizes=\"auto, (max-width: 280px) 100vw, 280px\" \/><\/p>\n<\/div><div class=\"arconix-column-two-thirds arconix-column-last\">\n<p>Bilder aus sechs Jahrzehnten des Fischerhunder Malers. Mit Beitr\u00e4gen von Herbert Albrecht, Willy Athenst\u00e4dt, Margarethe Bertzbach, G\u00fcnter Bommert, Heiko J\u00f6rn, Traugott Koch, Willy Kramp, Uwe Lehmann, Hans-Dieter Mahlstedt, Wolf-Dietmar Stock, J\u00fcrgen Weichhardt<\/div><div style=\"clear:both;\"><\/div><\/p>\n<h2>Werner Z\u00f6hl. Himmelslicht<\/h2>\n<div class=\"arconix-column-one-third\">\n<p><img loading=\"lazy\" decoding=\"async\" class=\"alignleft size-full wp-image-139\" src=\"http:\/\/kaffischerhude.de\/wp-content\/uploads\/publikationen-3.jpg\" alt=\"publikationen-3\" width=\"280\" height=\"369\" srcset=\"https:\/\/kaffischerhude.de\/wp-content\/uploads\/publikationen-3.jpg 280w, https:\/\/kaffischerhude.de\/wp-content\/uploads\/publikationen-3-228x300.jpg 228w\" sizes=\"auto, (max-width: 280px) 100vw, 280px\" \/><\/p>\n<\/div><div class=\"arconix-column-two-thirds arconix-column-last\">\n<p>Ein Zyklus zeitgen\u00f6ssischer Malerei zu christlichen Motiven. Eingeleitet von Traugott Koch mit einer Selbstbeschreibung des K\u00fcnstlers. Bremen 2005<\/div><div style=\"clear:both;\"><\/div><\/p>\n<h2>Werner Z\u00f6hl, \u00d6lbilder 1973-1995<\/h2>\n<div class=\"arconix-column-one-third\">\n<p><img loading=\"lazy\" decoding=\"async\" class=\"alignleft size-full wp-image-142\" src=\"http:\/\/kaffischerhude.de\/wp-content\/uploads\/publikationen-2.jpg\" alt=\"publikationen-2\" width=\"280\" height=\"358\" srcset=\"https:\/\/kaffischerhude.de\/wp-content\/uploads\/publikationen-2.jpg 280w, https:\/\/kaffischerhude.de\/wp-content\/uploads\/publikationen-2-235x300.jpg 235w\" sizes=\"auto, (max-width: 280px) 100vw, 280px\" \/><\/p>\n<\/div><div class=\"arconix-column-two-thirds arconix-column-last\">\n<p>Katalog zur Ausstellung der Galerie Cohrs-Zirus. Worpswede, 17.11. bis 22.12. 1996<\/div><div style=\"clear:both;\"><\/div><\/p>\n<h2>Die Russlandreise 1958<\/h2>\n<div class=\"arconix-column-one-third\">\n<p><img loading=\"lazy\" decoding=\"async\" class=\"alignleft size-full wp-image-140\" src=\"http:\/\/kaffischerhude.de\/wp-content\/uploads\/publikationen-4.jpg\" alt=\"publikationen-4\" width=\"280\" height=\"453\" srcset=\"https:\/\/kaffischerhude.de\/wp-content\/uploads\/publikationen-4.jpg 280w, https:\/\/kaffischerhude.de\/wp-content\/uploads\/publikationen-4-185x300.jpg 185w\" sizes=\"auto, (max-width: 280px) 100vw, 280px\" \/><\/p>\n<\/div><div class=\"arconix-column-two-thirds arconix-column-last\">\n<p>Fischerhuder K\u00fcnstler reisen in Zeiten des Kalten Krieges in die Sowjetunion. Fischerhude 2003. Buch zur Ausstellung im Kunstverein Fischerhude, Buthmanns Hof e.V.15.3. bis15.6 2003<\/div><div style=\"clear:both;\"><\/div><\/p>\n","protected":false},"excerpt":{"rendered":"<p>Kataloge und Publikationen Die KaFF-Editionen und &#8220;Blumenwald und Vogelbaum&#8221; erhalten Sie im Museum oder als Bestellung per Postversand zuz\u00fcgl. Porto. KaFF Editionen 2: Zwei Freunde. Zwei Maler. Werner Z\u00f6hl und Erhard Mitzlaff Broschur mit 100 Werkreproduktionen und Texten von Margarethe Z\u00f6hl, Hanna Mitzlaff, Wolfdietmar Stock u.a., Redaktion Caroline Z\u00f6hl, Euro 15, &#8211; Erhard Mitzlaff (1916-1991) [&hellip;]<\/p>\n","protected":false},"author":1,"featured_media":0,"parent":0,"menu_order":5,"comment_status":"closed","ping_status":"closed","template":"","meta":{"footnotes":""},"class_list":["post-16","page","type-page","status-publish","hentry"],"translation":{"provider":"WPGlobus","version":"3.0.2","language":"en","enabled_languages":["de","en"],"languages":{"de":{"title":true,"content":true,"excerpt":false},"en":{"title":false,"content":false,"excerpt":false}}},"yoast_head":"<!-- This site is optimized with the Yoast SEO plugin v27.4 - https:\/\/yoast.com\/product\/yoast-seo-wordpress\/ -->\n<title>Kataloge &amp; Publikationen - KaFF - art beside the river Fischerhude<\/title>\n<meta name=\"robots\" content=\"index, follow, max-snippet:-1, max-image-preview:large, max-video-preview:-1\" \/>\n<link rel=\"canonical\" href=\"https:\/\/kaffischerhude.de\/en\/museumsshop\/\" \/>\n<meta property=\"og:locale\" content=\"en_US\" \/>\n<meta property=\"og:type\" content=\"article\" \/>\n<meta property=\"og:title\" content=\"Kataloge &amp; Publikationen - KaFF - art beside the river Fischerhude\" \/>\n<meta property=\"og:url\" content=\"https:\/\/kaffischerhude.de\/en\/museumsshop\/\" \/>\n<meta property=\"og:site_name\" content=\"KaFF - art beside the river Fischerhude\" \/>\n<meta property=\"article:modified_time\" content=\"2019-05-02T10:42:06+00:00\" \/>\n<meta property=\"og:image\" content=\"https:\/\/kaffischerhude.de\/wp-content\/uploads\/KaFF-Ed-2-1779x2500.jpg\" \/>\n<meta name=\"twitter:card\" content=\"summary_large_image\" \/>\n<meta name=\"twitter:label1\" content=\"Est. reading time\" \/>\n\t<meta name=\"twitter:data1\" content=\"2 minutes\" \/>\n<script type=\"application\/ld+json\" class=\"yoast-schema-graph\">{\"@context\":\"https:\\\/\\\/schema.org\",\"@graph\":[{\"@type\":\"WebPage\",\"@id\":\"https:\\\/\\\/kaffischerhude.de\\\/en\\\/museumsshop\\\/\",\"url\":\"https:\\\/\\\/kaffischerhude.de\\\/en\\\/museumsshop\\\/\",\"name\":\"Kataloge & Publikationen - KaFF - art beside the river Fischerhude\",\"isPartOf\":{\"@id\":\"https:\\\/\\\/kaffischerhude.de\\\/#website\"},\"primaryImageOfPage\":{\"@id\":\"https:\\\/\\\/kaffischerhude.de\\\/en\\\/museumsshop\\\/#primaryimage\"},\"image\":{\"@id\":\"https:\\\/\\\/kaffischerhude.de\\\/en\\\/museumsshop\\\/#primaryimage\"},\"thumbnailUrl\":\"https:\\\/\\\/kaffischerhude.de\\\/wp-content\\\/uploads\\\/KaFF-Ed-2-1779x2500.jpg\",\"datePublished\":\"2016-02-23T20:42:01+00:00\",\"dateModified\":\"2019-05-02T10:42:06+00:00\",\"breadcrumb\":{\"@id\":\"https:\\\/\\\/kaffischerhude.de\\\/en\\\/museumsshop\\\/#breadcrumb\"},\"inLanguage\":\"en-US\",\"potentialAction\":[{\"@type\":\"ReadAction\",\"target\":[\"https:\\\/\\\/kaffischerhude.de\\\/en\\\/museumsshop\\\/\"]}]},{\"@type\":\"ImageObject\",\"inLanguage\":\"en-US\",\"@id\":\"https:\\\/\\\/kaffischerhude.de\\\/en\\\/museumsshop\\\/#primaryimage\",\"url\":\"https:\\\/\\\/kaffischerhude.de\\\/wp-content\\\/uploads\\\/KaFF-Ed-2-1779x2500.jpg\",\"contentUrl\":\"https:\\\/\\\/kaffischerhude.de\\\/wp-content\\\/uploads\\\/KaFF-Ed-2-1779x2500.jpg\"},{\"@type\":\"BreadcrumbList\",\"@id\":\"https:\\\/\\\/kaffischerhude.de\\\/en\\\/museumsshop\\\/#breadcrumb\",\"itemListElement\":[{\"@type\":\"ListItem\",\"position\":1,\"name\":\"Home\",\"item\":\"https:\\\/\\\/kaffischerhude.de\\\/\"},{\"@type\":\"ListItem\",\"position\":2,\"name\":\"Kataloge &#038; Publikationen\"}]},{\"@type\":\"WebSite\",\"@id\":\"https:\\\/\\\/kaffischerhude.de\\\/#website\",\"url\":\"https:\\\/\\\/kaffischerhude.de\\\/\",\"name\":\"KaFF - art beside the river Fischerhude\",\"description\":\"\",\"potentialAction\":[{\"@type\":\"SearchAction\",\"target\":{\"@type\":\"EntryPoint\",\"urlTemplate\":\"https:\\\/\\\/kaffischerhude.de\\\/?s={search_term_string}\"},\"query-input\":{\"@type\":\"PropertyValueSpecification\",\"valueRequired\":true,\"valueName\":\"search_term_string\"}}],\"inLanguage\":\"en-US\"}]}<\/script>\n<!-- \/ Yoast SEO plugin. -->","yoast_head_json":{"title":"Kataloge & Publikationen - KaFF - art beside the river Fischerhude","robots":{"index":"index","follow":"follow","max-snippet":"max-snippet:-1","max-image-preview":"max-image-preview:large","max-video-preview":"max-video-preview:-1"},"canonical":"https:\/\/kaffischerhude.de\/en\/museumsshop\/","og_locale":"en_US","og_type":"article","og_title":"Kataloge & Publikationen - KaFF - art beside the river Fischerhude","og_url":"https:\/\/kaffischerhude.de\/en\/museumsshop\/","og_site_name":"KaFF - art beside the river Fischerhude","article_modified_time":"2019-05-02T10:42:06+00:00","og_image":[{"url":"https:\/\/kaffischerhude.de\/wp-content\/uploads\/KaFF-Ed-2-1779x2500.jpg","type":"","width":"","height":""}],"twitter_card":"summary_large_image","twitter_misc":{"Est. reading time":"2 minutes"},"schema":{"@context":"https:\/\/schema.org","@graph":[{"@type":"WebPage","@id":"https:\/\/kaffischerhude.de\/en\/museumsshop\/","url":"https:\/\/kaffischerhude.de\/en\/museumsshop\/","name":"Kataloge & Publikationen - KaFF - art beside the river Fischerhude","isPartOf":{"@id":"https:\/\/kaffischerhude.de\/#website"},"primaryImageOfPage":{"@id":"https:\/\/kaffischerhude.de\/en\/museumsshop\/#primaryimage"},"image":{"@id":"https:\/\/kaffischerhude.de\/en\/museumsshop\/#primaryimage"},"thumbnailUrl":"https:\/\/kaffischerhude.de\/wp-content\/uploads\/KaFF-Ed-2-1779x2500.jpg","datePublished":"2016-02-23T20:42:01+00:00","dateModified":"2019-05-02T10:42:06+00:00","breadcrumb":{"@id":"https:\/\/kaffischerhude.de\/en\/museumsshop\/#breadcrumb"},"inLanguage":"en-US","potentialAction":[{"@type":"ReadAction","target":["https:\/\/kaffischerhude.de\/en\/museumsshop\/"]}]},{"@type":"ImageObject","inLanguage":"en-US","@id":"https:\/\/kaffischerhude.de\/en\/museumsshop\/#primaryimage","url":"https:\/\/kaffischerhude.de\/wp-content\/uploads\/KaFF-Ed-2-1779x2500.jpg","contentUrl":"https:\/\/kaffischerhude.de\/wp-content\/uploads\/KaFF-Ed-2-1779x2500.jpg"},{"@type":"BreadcrumbList","@id":"https:\/\/kaffischerhude.de\/en\/museumsshop\/#breadcrumb","itemListElement":[{"@type":"ListItem","position":1,"name":"Home","item":"https:\/\/kaffischerhude.de\/"},{"@type":"ListItem","position":2,"name":"Kataloge &#038; Publikationen"}]},{"@type":"WebSite","@id":"https:\/\/kaffischerhude.de\/#website","url":"https:\/\/kaffischerhude.de\/","name":"KaFF - art beside the river Fischerhude","description":"","potentialAction":[{"@type":"SearchAction","target":{"@type":"EntryPoint","urlTemplate":"https:\/\/kaffischerhude.de\/?s={search_term_string}"},"query-input":{"@type":"PropertyValueSpecification","valueRequired":true,"valueName":"search_term_string"}}],"inLanguage":"en-US"}]}},"_links":{"self":[{"href":"https:\/\/kaffischerhude.de\/en\/wp-json\/wp\/v2\/pages\/16","targetHints":{"allow":["GET"]}}],"collection":[{"href":"https:\/\/kaffischerhude.de\/en\/wp-json\/wp\/v2\/pages"}],"about":[{"href":"https:\/\/kaffischerhude.de\/en\/wp-json\/wp\/v2\/types\/page"}],"author":[{"embeddable":true,"href":"https:\/\/kaffischerhude.de\/en\/wp-json\/wp\/v2\/users\/1"}],"replies":[{"embeddable":true,"href":"https:\/\/kaffischerhude.de\/en\/wp-json\/wp\/v2\/comments?post=16"}],"version-history":[{"count":69,"href":"https:\/\/kaffischerhude.de\/en\/wp-json\/wp\/v2\/pages\/16\/revisions"}],"predecessor-version":[{"id":1358,"href":"https:\/\/kaffischerhude.de\/en\/wp-json\/wp\/v2\/pages\/16\/revisions\/1358"}],"wp:attachment":[{"href":"https:\/\/kaffischerhude.de\/en\/wp-json\/wp\/v2\/media?parent=16"}],"curies":[{"name":"wp","href":"https:\/\/api.w.org\/{rel}","templated":true}]}}