{"id":63,"date":"2016-02-27T21:08:02","date_gmt":"2016-02-27T20:08:02","guid":{"rendered":"http:\/\/kaffischerhude.de\/?page_id=63"},"modified":"2016-05-12T12:39:04","modified_gmt":"2016-05-12T10:39:04","slug":"1950-1970","status":"publish","type":"page","link":"https:\/\/kaffischerhude.de\/en\/archiv-werner-zoehl\/1950-1970\/","title":{"rendered":"1950-1970"},"content":{"rendered":"\n\t\t<style type=\"text\/css\">\n\t\t\t#gallery-1 {\n\t\t\t\tmargin: auto;\n\t\t\t}\n\t\t\t#gallery-1 .gallery-item {\n\t\t\t\tfloat: left;\n\t\t\t\tmargin-top: 10px;\n\t\t\t\ttext-align: center;\n\t\t\t\twidth: 25%;\n\t\t\t}\n\t\t\t#gallery-1 img {\n\t\t\t\tborder: 2px solid #cfcfcf;\n\t\t\t}\n\t\t\t#gallery-1 .gallery-caption {\n\t\t\t\tmargin-left: 0;\n\t\t\t}\n\t\t\t\/* see gallery_shortcode() in wp-includes\/media.php *\/\n\t\t<\/style>\n\t\t<div data-carousel-extra='{\"blog_id\":1,\"permalink\":\"https:\\\/\\\/kaffischerhude.de\\\/en\\\/archiv-werner-zoehl\\\/1950-1970\\\/\",\"likes_blog_id\":false}' id='gallery-1' class='gallery galleryid-63 gallery-columns-4 gallery-size-thumbnail'><dl class='gallery-item'>\n\t\t\t<dt class='gallery-icon portrait'>\n\t\t\t\t<a href='https:\/\/kaffischerhude.de\/wp-content\/uploads\/malerei-zoehl-gr-01-2.jpg'><img loading=\"lazy\" decoding=\"async\" width=\"134\" height=\"134\" src=\"https:\/\/kaffischerhude.de\/wp-content\/uploads\/malerei-zoehl-gr-01-2-e1458849015867-134x134.jpg\" class=\"attachment-thumbnail size-thumbnail\" alt=\"\" data-attachment-id=\"98\" data-orig-file=\"https:\/\/kaffischerhude.de\/wp-content\/uploads\/malerei-zoehl-gr-01-2.jpg\" data-orig-size=\"642,888\" data-comments-opened=\"0\" data-image-meta=\"{&quot;aperture&quot;:&quot;0&quot;,&quot;credit&quot;:&quot;&quot;,&quot;camera&quot;:&quot;&quot;,&quot;caption&quot;:&quot;&quot;,&quot;created_timestamp&quot;:&quot;0&quot;,&quot;copyright&quot;:&quot;&quot;,&quot;focal_length&quot;:&quot;0&quot;,&quot;iso&quot;:&quot;0&quot;,&quot;shutter_speed&quot;:&quot;0&quot;,&quot;title&quot;:&quot;&quot;,&quot;orientation&quot;:&quot;0&quot;,&quot;keywords&quot;:[]}\" data-image-title=\"Frau mit Blumenstrau\u00df, 1943, \u00d6l auf Hartfaser, 82 x 68 cm, Inv. Nr. B01-084\" data-image-description=\"\" data-medium-file=\"https:\/\/kaffischerhude.de\/wp-content\/uploads\/malerei-zoehl-gr-01-2-217x300.jpg\" data-large-file=\"https:\/\/kaffischerhude.de\/wp-content\/uploads\/malerei-zoehl-gr-01-2.jpg\" \/><\/a>\n\t\t\t<\/dt><\/dl><dl class='gallery-item'>\n\t\t\t<dt class='gallery-icon landscape'>\n\t\t\t\t<a href='https:\/\/kaffischerhude.de\/wp-content\/uploads\/malerei-zoehl-gr-02-2.jpg'><img loading=\"lazy\" decoding=\"async\" width=\"134\" height=\"134\" src=\"https:\/\/kaffischerhude.de\/wp-content\/uploads\/malerei-zoehl-gr-02-2-134x134.jpg\" class=\"attachment-thumbnail size-thumbnail\" alt=\"\" data-attachment-id=\"95\" data-orig-file=\"https:\/\/kaffischerhude.de\/wp-content\/uploads\/malerei-zoehl-gr-02-2.jpg\" data-orig-size=\"1416,888\" data-comments-opened=\"0\" data-image-meta=\"{&quot;aperture&quot;:&quot;0&quot;,&quot;credit&quot;:&quot;&quot;,&quot;camera&quot;:&quot;&quot;,&quot;caption&quot;:&quot;&quot;,&quot;created_timestamp&quot;:&quot;0&quot;,&quot;copyright&quot;:&quot;&quot;,&quot;focal_length&quot;:&quot;0&quot;,&quot;iso&quot;:&quot;0&quot;,&quot;shutter_speed&quot;:&quot;0&quot;,&quot;title&quot;:&quot;&quot;,&quot;orientation&quot;:&quot;0&quot;,&quot;keywords&quot;:[]}\" data-image-title=\"Stilleben im Fenster, 1951, \u00d6l auf Hartfaser, 60 x 80 cm, Privatbesitz, Inv. Nr. B01-014\" data-image-description=\"\" data-medium-file=\"https:\/\/kaffischerhude.de\/wp-content\/uploads\/malerei-zoehl-gr-02-2-300x188.jpg\" data-large-file=\"https:\/\/kaffischerhude.de\/wp-content\/uploads\/malerei-zoehl-gr-02-2.jpg\" \/><\/a>\n\t\t\t<\/dt><\/dl><dl class='gallery-item'>\n\t\t\t<dt class='gallery-icon portrait'>\n\t\t\t\t<a href='https:\/\/kaffischerhude.de\/wp-content\/uploads\/malerei-zoehl-gr-03-2.jpg'><img loading=\"lazy\" decoding=\"async\" width=\"134\" height=\"134\" src=\"https:\/\/kaffischerhude.de\/wp-content\/uploads\/malerei-zoehl-gr-03-2-134x134.jpg\" class=\"attachment-thumbnail size-thumbnail\" alt=\"\" data-attachment-id=\"96\" data-orig-file=\"https:\/\/kaffischerhude.de\/wp-content\/uploads\/malerei-zoehl-gr-03-2.jpg\" data-orig-size=\"625,884\" data-comments-opened=\"0\" data-image-meta=\"{&quot;aperture&quot;:&quot;0&quot;,&quot;credit&quot;:&quot;&quot;,&quot;camera&quot;:&quot;&quot;,&quot;caption&quot;:&quot;&quot;,&quot;created_timestamp&quot;:&quot;0&quot;,&quot;copyright&quot;:&quot;&quot;,&quot;focal_length&quot;:&quot;0&quot;,&quot;iso&quot;:&quot;0&quot;,&quot;shutter_speed&quot;:&quot;0&quot;,&quot;title&quot;:&quot;&quot;,&quot;orientation&quot;:&quot;0&quot;,&quot;keywords&quot;:[]}\" data-image-title=\"Maske, 1954, \u00d6l auf Leinwand, 50 x 35 cm, Inv. Nr. B01-206\" data-image-description=\"\" data-medium-file=\"https:\/\/kaffischerhude.de\/wp-content\/uploads\/malerei-zoehl-gr-03-2-212x300.jpg\" data-large-file=\"https:\/\/kaffischerhude.de\/wp-content\/uploads\/malerei-zoehl-gr-03-2.jpg\" \/><\/a>\n\t\t\t<\/dt><\/dl><dl class='gallery-item'>\n\t\t\t<dt class='gallery-icon landscape'>\n\t\t\t\t<a href='https:\/\/kaffischerhude.de\/wp-content\/uploads\/malerei-zoehl-gr-04-2.jpg'><img loading=\"lazy\" decoding=\"async\" width=\"134\" height=\"134\" src=\"https:\/\/kaffischerhude.de\/wp-content\/uploads\/malerei-zoehl-gr-04-2-134x134.jpg\" class=\"attachment-thumbnail size-thumbnail\" alt=\"\" data-attachment-id=\"97\" data-orig-file=\"https:\/\/kaffischerhude.de\/wp-content\/uploads\/malerei-zoehl-gr-04-2.jpg\" data-orig-size=\"1014,888\" data-comments-opened=\"0\" data-image-meta=\"{&quot;aperture&quot;:&quot;0&quot;,&quot;credit&quot;:&quot;&quot;,&quot;camera&quot;:&quot;&quot;,&quot;caption&quot;:&quot;&quot;,&quot;created_timestamp&quot;:&quot;0&quot;,&quot;copyright&quot;:&quot;&quot;,&quot;focal_length&quot;:&quot;0&quot;,&quot;iso&quot;:&quot;0&quot;,&quot;shutter_speed&quot;:&quot;0&quot;,&quot;title&quot;:&quot;&quot;,&quot;orientation&quot;:&quot;0&quot;,&quot;keywords&quot;:[]}\" data-image-title=\"Kleine Blumenzucht, 1958, \u00d6l auf Hartfaser, 56 x 64 cm, Inv. Nr. B01-251\" data-image-description=\"\" data-medium-file=\"https:\/\/kaffischerhude.de\/wp-content\/uploads\/malerei-zoehl-gr-04-2-300x263.jpg\" data-large-file=\"https:\/\/kaffischerhude.de\/wp-content\/uploads\/malerei-zoehl-gr-04-2.jpg\" \/><\/a>\n\t\t\t<\/dt><\/dl><br style=\"clear: both\" \/><dl class='gallery-item'>\n\t\t\t<dt class='gallery-icon landscape'>\n\t\t\t\t<a href='https:\/\/kaffischerhude.de\/wp-content\/uploads\/malerei-zoehl-gr-05-2.jpg'><img loading=\"lazy\" decoding=\"async\" width=\"134\" height=\"134\" src=\"https:\/\/kaffischerhude.de\/wp-content\/uploads\/malerei-zoehl-gr-05-2-134x134.jpg\" class=\"attachment-thumbnail size-thumbnail\" alt=\"\" data-attachment-id=\"104\" data-orig-file=\"https:\/\/kaffischerhude.de\/wp-content\/uploads\/malerei-zoehl-gr-05-2.jpg\" data-orig-size=\"1248,888\" data-comments-opened=\"0\" data-image-meta=\"{&quot;aperture&quot;:&quot;0&quot;,&quot;credit&quot;:&quot;&quot;,&quot;camera&quot;:&quot;&quot;,&quot;caption&quot;:&quot;&quot;,&quot;created_timestamp&quot;:&quot;0&quot;,&quot;copyright&quot;:&quot;&quot;,&quot;focal_length&quot;:&quot;0&quot;,&quot;iso&quot;:&quot;0&quot;,&quot;shutter_speed&quot;:&quot;0&quot;,&quot;title&quot;:&quot;&quot;,&quot;orientation&quot;:&quot;0&quot;,&quot;keywords&quot;:[]}\" data-image-title=\"Gro\u00dfes Balkonbild, 1961, \u00d6l auf Leinwand, 100&#215;140 cm, Inv. Nr. B01-338\" data-image-description=\"\" data-medium-file=\"https:\/\/kaffischerhude.de\/wp-content\/uploads\/malerei-zoehl-gr-05-2-300x213.jpg\" data-large-file=\"https:\/\/kaffischerhude.de\/wp-content\/uploads\/malerei-zoehl-gr-05-2.jpg\" \/><\/a>\n\t\t\t<\/dt><\/dl><dl class='gallery-item'>\n\t\t\t<dt class='gallery-icon portrait'>\n\t\t\t\t<a href='https:\/\/kaffischerhude.de\/wp-content\/uploads\/malerei-zoehl-gr-06-2.jpg'><img loading=\"lazy\" decoding=\"async\" width=\"134\" height=\"134\" src=\"https:\/\/kaffischerhude.de\/wp-content\/uploads\/malerei-zoehl-gr-06-2-134x134.jpg\" class=\"attachment-thumbnail size-thumbnail\" alt=\"\" data-attachment-id=\"105\" data-orig-file=\"https:\/\/kaffischerhude.de\/wp-content\/uploads\/malerei-zoehl-gr-06-2.jpg\" data-orig-size=\"441,888\" data-comments-opened=\"0\" data-image-meta=\"{&quot;aperture&quot;:&quot;0&quot;,&quot;credit&quot;:&quot;&quot;,&quot;camera&quot;:&quot;&quot;,&quot;caption&quot;:&quot;&quot;,&quot;created_timestamp&quot;:&quot;0&quot;,&quot;copyright&quot;:&quot;&quot;,&quot;focal_length&quot;:&quot;0&quot;,&quot;iso&quot;:&quot;0&quot;,&quot;shutter_speed&quot;:&quot;0&quot;,&quot;title&quot;:&quot;&quot;,&quot;orientation&quot;:&quot;0&quot;,&quot;keywords&quot;:[]}\" data-image-title=\"B\u00e4ume vor dem Fenster, 1965, \u00d6l auf Leinwand, 100 x 50 cm, Inv. Nr. B01-371\" data-image-description=\"\" data-medium-file=\"https:\/\/kaffischerhude.de\/wp-content\/uploads\/malerei-zoehl-gr-06-2-149x300.jpg\" data-large-file=\"https:\/\/kaffischerhude.de\/wp-content\/uploads\/malerei-zoehl-gr-06-2.jpg\" \/><\/a>\n\t\t\t<\/dt><\/dl><dl class='gallery-item'>\n\t\t\t<dt class='gallery-icon portrait'>\n\t\t\t\t<a href='https:\/\/kaffischerhude.de\/wp-content\/uploads\/malerei-zoehl-gr-07-2.jpg'><img loading=\"lazy\" decoding=\"async\" width=\"134\" height=\"134\" src=\"https:\/\/kaffischerhude.de\/wp-content\/uploads\/malerei-zoehl-gr-07-2-e1458849065593-134x134.jpg\" class=\"attachment-thumbnail size-thumbnail\" alt=\"\" data-attachment-id=\"153\" data-orig-file=\"https:\/\/kaffischerhude.de\/wp-content\/uploads\/malerei-zoehl-gr-07-2.jpg\" data-orig-size=\"714,888\" data-comments-opened=\"0\" data-image-meta=\"{&quot;aperture&quot;:&quot;0&quot;,&quot;credit&quot;:&quot;&quot;,&quot;camera&quot;:&quot;&quot;,&quot;caption&quot;:&quot;&quot;,&quot;created_timestamp&quot;:&quot;0&quot;,&quot;copyright&quot;:&quot;&quot;,&quot;focal_length&quot;:&quot;0&quot;,&quot;iso&quot;:&quot;0&quot;,&quot;shutter_speed&quot;:&quot;0&quot;,&quot;title&quot;:&quot;&quot;,&quot;orientation&quot;:&quot;0&quot;,&quot;keywords&quot;:[]}\" data-image-title=\"Stillleben mit wei\u00dfer Vase, 1966, \u00d6l auf Leinwand, 50 x 40 cm, Inv. Nr. B01-405\" data-image-description=\"\" data-medium-file=\"https:\/\/kaffischerhude.de\/wp-content\/uploads\/malerei-zoehl-gr-07-2-241x300.jpg\" data-large-file=\"https:\/\/kaffischerhude.de\/wp-content\/uploads\/malerei-zoehl-gr-07-2.jpg\" \/><\/a>\n\t\t\t<\/dt><\/dl><dl class='gallery-item'>\n\t\t\t<dt class='gallery-icon portrait'>\n\t\t\t\t<a href='https:\/\/kaffischerhude.de\/wp-content\/uploads\/malerei-zoehl-gr-08-2.jpg'><img loading=\"lazy\" decoding=\"async\" width=\"134\" height=\"134\" src=\"https:\/\/kaffischerhude.de\/wp-content\/uploads\/malerei-zoehl-gr-08-2-e1458849134257-134x134.jpg\" class=\"attachment-thumbnail size-thumbnail\" alt=\"\" data-attachment-id=\"99\" data-orig-file=\"https:\/\/kaffischerhude.de\/wp-content\/uploads\/malerei-zoehl-gr-08-2.jpg\" data-orig-size=\"388,527\" data-comments-opened=\"0\" data-image-meta=\"{&quot;aperture&quot;:&quot;0&quot;,&quot;credit&quot;:&quot;&quot;,&quot;camera&quot;:&quot;&quot;,&quot;caption&quot;:&quot;&quot;,&quot;created_timestamp&quot;:&quot;0&quot;,&quot;copyright&quot;:&quot;&quot;,&quot;focal_length&quot;:&quot;0&quot;,&quot;iso&quot;:&quot;0&quot;,&quot;shutter_speed&quot;:&quot;0&quot;,&quot;title&quot;:&quot;&quot;,&quot;orientation&quot;:&quot;0&quot;,&quot;keywords&quot;:[]}\" data-image-title=\"Stra\u00dfens\u00e4nger in London, 1968, \u00d6l auf Leinwand, 80 x 60 cm, Inv. Nr. B02-084\" data-image-description=\"\" data-medium-file=\"https:\/\/kaffischerhude.de\/wp-content\/uploads\/malerei-zoehl-gr-08-2-221x300.jpg\" data-large-file=\"https:\/\/kaffischerhude.de\/wp-content\/uploads\/malerei-zoehl-gr-08-2.jpg\" \/><\/a>\n\t\t\t<\/dt><\/dl><br style=\"clear: both\" \/><dl class='gallery-item'>\n\t\t\t<dt class='gallery-icon portrait'>\n\t\t\t\t<a href='https:\/\/kaffischerhude.de\/wp-content\/uploads\/malerei-zoehl-gr-09-2.jpg'><img loading=\"lazy\" decoding=\"async\" width=\"134\" height=\"134\" src=\"https:\/\/kaffischerhude.de\/wp-content\/uploads\/malerei-zoehl-gr-09-2-e1458849104159-134x134.jpg\" class=\"attachment-thumbnail size-thumbnail\" alt=\"\" data-attachment-id=\"100\" data-orig-file=\"https:\/\/kaffischerhude.de\/wp-content\/uploads\/malerei-zoehl-gr-09-2.jpg\" data-orig-size=\"678,888\" data-comments-opened=\"0\" data-image-meta=\"{&quot;aperture&quot;:&quot;0&quot;,&quot;credit&quot;:&quot;&quot;,&quot;camera&quot;:&quot;&quot;,&quot;caption&quot;:&quot;&quot;,&quot;created_timestamp&quot;:&quot;0&quot;,&quot;copyright&quot;:&quot;&quot;,&quot;focal_length&quot;:&quot;0&quot;,&quot;iso&quot;:&quot;0&quot;,&quot;shutter_speed&quot;:&quot;0&quot;,&quot;title&quot;:&quot;&quot;,&quot;orientation&quot;:&quot;0&quot;,&quot;keywords&quot;:[]}\" data-image-title=\"Paar im Atelier, 1969, \u00d6l auf Leinwand, 80 x 60 cm, Inv. Nr. B02-088\" data-image-description=\"\" data-medium-file=\"https:\/\/kaffischerhude.de\/wp-content\/uploads\/malerei-zoehl-gr-09-2-229x300.jpg\" data-large-file=\"https:\/\/kaffischerhude.de\/wp-content\/uploads\/malerei-zoehl-gr-09-2.jpg\" \/><\/a>\n\t\t\t<\/dt><\/dl><dl class='gallery-item'>\n\t\t\t<dt class='gallery-icon portrait'>\n\t\t\t\t<a href='https:\/\/kaffischerhude.de\/wp-content\/uploads\/malerei-zoehl-gr-10-2.jpg'><img loading=\"lazy\" decoding=\"async\" width=\"134\" height=\"134\" src=\"https:\/\/kaffischerhude.de\/wp-content\/uploads\/malerei-zoehl-gr-10-2-134x134.jpg\" class=\"attachment-thumbnail size-thumbnail\" alt=\"\" data-attachment-id=\"101\" data-orig-file=\"https:\/\/kaffischerhude.de\/wp-content\/uploads\/malerei-zoehl-gr-10-2.jpg\" data-orig-size=\"188,325\" data-comments-opened=\"0\" data-image-meta=\"{&quot;aperture&quot;:&quot;0&quot;,&quot;credit&quot;:&quot;&quot;,&quot;camera&quot;:&quot;&quot;,&quot;caption&quot;:&quot;&quot;,&quot;created_timestamp&quot;:&quot;0&quot;,&quot;copyright&quot;:&quot;&quot;,&quot;focal_length&quot;:&quot;0&quot;,&quot;iso&quot;:&quot;0&quot;,&quot;shutter_speed&quot;:&quot;0&quot;,&quot;title&quot;:&quot;&quot;,&quot;orientation&quot;:&quot;0&quot;,&quot;keywords&quot;:[]}\" data-image-title=\"Kopf am Fenster, 1956, Holzschnitt, Handdruck, 43,5 x 26 cm, Inv. Nr. h01-56\" data-image-description=\"\" data-medium-file=\"https:\/\/kaffischerhude.de\/wp-content\/uploads\/malerei-zoehl-gr-10-2-174x300.jpg\" data-large-file=\"https:\/\/kaffischerhude.de\/wp-content\/uploads\/malerei-zoehl-gr-10-2.jpg\" \/><\/a>\n\t\t\t<\/dt><\/dl><dl class='gallery-item'>\n\t\t\t<dt class='gallery-icon landscape'>\n\t\t\t\t<a href='https:\/\/kaffischerhude.de\/wp-content\/uploads\/malerei-zoehl-gr-11-2.jpg'><img loading=\"lazy\" decoding=\"async\" width=\"134\" height=\"134\" src=\"https:\/\/kaffischerhude.de\/wp-content\/uploads\/malerei-zoehl-gr-11-2-134x134.jpg\" class=\"attachment-thumbnail size-thumbnail\" alt=\"\" data-attachment-id=\"102\" data-orig-file=\"https:\/\/kaffischerhude.de\/wp-content\/uploads\/malerei-zoehl-gr-11-2.jpg\" data-orig-size=\"496,277\" data-comments-opened=\"0\" data-image-meta=\"{&quot;aperture&quot;:&quot;0&quot;,&quot;credit&quot;:&quot;&quot;,&quot;camera&quot;:&quot;&quot;,&quot;caption&quot;:&quot;&quot;,&quot;created_timestamp&quot;:&quot;0&quot;,&quot;copyright&quot;:&quot;&quot;,&quot;focal_length&quot;:&quot;0&quot;,&quot;iso&quot;:&quot;0&quot;,&quot;shutter_speed&quot;:&quot;0&quot;,&quot;title&quot;:&quot;&quot;,&quot;orientation&quot;:&quot;0&quot;,&quot;keywords&quot;:[]}\" data-image-title=\"Paar im Fr\u00fchling, Tempera auf Papier, 1959, 27 x 47 cm, Inv. Nr. p05-70\" data-image-description=\"\" data-medium-file=\"https:\/\/kaffischerhude.de\/wp-content\/uploads\/malerei-zoehl-gr-11-2-300x168.jpg\" data-large-file=\"https:\/\/kaffischerhude.de\/wp-content\/uploads\/malerei-zoehl-gr-11-2.jpg\" \/><\/a>\n\t\t\t<\/dt><\/dl><dl class='gallery-item'>\n\t\t\t<dt class='gallery-icon portrait'>\n\t\t\t\t<a href='https:\/\/kaffischerhude.de\/wp-content\/uploads\/malerei-zoehl-gr-12-2.jpg'><img loading=\"lazy\" decoding=\"async\" width=\"134\" height=\"134\" src=\"https:\/\/kaffischerhude.de\/wp-content\/uploads\/malerei-zoehl-gr-12-2-134x134.jpg\" class=\"attachment-thumbnail size-thumbnail\" alt=\"\" data-attachment-id=\"103\" data-orig-file=\"https:\/\/kaffischerhude.de\/wp-content\/uploads\/malerei-zoehl-gr-12-2.jpg\" data-orig-size=\"166,243\" data-comments-opened=\"0\" data-image-meta=\"{&quot;aperture&quot;:&quot;0&quot;,&quot;credit&quot;:&quot;&quot;,&quot;camera&quot;:&quot;&quot;,&quot;caption&quot;:&quot;&quot;,&quot;created_timestamp&quot;:&quot;0&quot;,&quot;copyright&quot;:&quot;&quot;,&quot;focal_length&quot;:&quot;0&quot;,&quot;iso&quot;:&quot;0&quot;,&quot;shutter_speed&quot;:&quot;0&quot;,&quot;title&quot;:&quot;&quot;,&quot;orientation&quot;:&quot;0&quot;,&quot;keywords&quot;:[]}\" data-image-title=\"Eierk\u00f6pfiger W\u00e4chter, Tempera auf Papier,1956, c. 56 x 35 cm, Inv. Nr. t018-50\" data-image-description=\"\" data-medium-file=\"https:\/\/kaffischerhude.de\/wp-content\/uploads\/malerei-zoehl-gr-12-2.jpg\" data-large-file=\"https:\/\/kaffischerhude.de\/wp-content\/uploads\/malerei-zoehl-gr-12-2.jpg\" \/><\/a>\n\t\t\t<\/dt><\/dl><br style=\"clear: both\" \/>\n\t\t<\/div>\n\n","protected":false},"excerpt":{"rendered":"","protected":false},"author":1,"featured_media":0,"parent":9,"menu_order":1,"comment_status":"closed","ping_status":"closed","template":"galerieseite.php","meta":{"footnotes":""},"class_list":["post-63","page","type-page","status-publish","hentry"],"translation":{"provider":"WPGlobus","version":"3.0.2","language":"en","enabled_languages":["de","en"],"languages":{"de":{"title":true,"content":true,"excerpt":false},"en":{"title":false,"content":false,"excerpt":false}}},"yoast_head":"<!-- This site is optimized with the Yoast SEO plugin v27.4 - https:\/\/yoast.com\/product\/yoast-seo-wordpress\/ -->\n<title>1950-1970 - KaFF - art beside the river Fischerhude<\/title>\n<meta name=\"robots\" content=\"index, follow, max-snippet:-1, max-image-preview:large, max-video-preview:-1\" \/>\n<link rel=\"canonical\" href=\"https:\/\/kaffischerhude.de\/archiv-werner-zoehl\/1950-1970\/\" \/>\n<meta property=\"og:locale\" content=\"en_US\" \/>\n<meta property=\"og:type\" content=\"article\" \/>\n<meta property=\"og:title\" content=\"1950-1970 - KaFF - art beside the river Fischerhude\" \/>\n<meta property=\"og:url\" content=\"https:\/\/kaffischerhude.de\/archiv-werner-zoehl\/1950-1970\/\" \/>\n<meta property=\"og:site_name\" content=\"KaFF - art beside the river Fischerhude\" \/>\n<meta property=\"article:modified_time\" content=\"2016-05-12T10:39:04+00:00\" \/>\n<meta property=\"og:image\" content=\"https:\/\/kaffischerhude.de\/wp-content\/uploads\/malerei-zoehl-gr-01-2-e1458849015867-134x134.jpg\" \/>\n<meta name=\"twitter:card\" content=\"summary_large_image\" \/>\n<script type=\"application\/ld+json\" class=\"yoast-schema-graph\">{\"@context\":\"https:\\\/\\\/schema.org\",\"@graph\":[{\"@type\":\"WebPage\",\"@id\":\"https:\\\/\\\/kaffischerhude.de\\\/archiv-werner-zoehl\\\/1950-1970\\\/\",\"url\":\"https:\\\/\\\/kaffischerhude.de\\\/archiv-werner-zoehl\\\/1950-1970\\\/\",\"name\":\"1950-1970 - KaFF - art beside the river Fischerhude\",\"isPartOf\":{\"@id\":\"https:\\\/\\\/kaffischerhude.de\\\/#website\"},\"datePublished\":\"2016-02-27T20:08:02+00:00\",\"dateModified\":\"2016-05-12T10:39:04+00:00\",\"breadcrumb\":{\"@id\":\"https:\\\/\\\/kaffischerhude.de\\\/archiv-werner-zoehl\\\/1950-1970\\\/#breadcrumb\"},\"inLanguage\":\"en-US\",\"potentialAction\":[{\"@type\":\"ReadAction\",\"target\":[\"https:\\\/\\\/kaffischerhude.de\\\/archiv-werner-zoehl\\\/1950-1970\\\/\"]}]},{\"@type\":\"BreadcrumbList\",\"@id\":\"https:\\\/\\\/kaffischerhude.de\\\/archiv-werner-zoehl\\\/1950-1970\\\/#breadcrumb\",\"itemListElement\":[{\"@type\":\"ListItem\",\"position\":1,\"name\":\"Home\",\"item\":\"https:\\\/\\\/kaffischerhude.de\\\/\"},{\"@type\":\"ListItem\",\"position\":2,\"name\":\"Archiv Werner Z\u00f6hl\",\"item\":\"https:\\\/\\\/kaffischerhude.de\\\/archiv-werner-zoehl\\\/\"},{\"@type\":\"ListItem\",\"position\":3,\"name\":\"1950-1970\"}]},{\"@type\":\"WebSite\",\"@id\":\"https:\\\/\\\/kaffischerhude.de\\\/#website\",\"url\":\"https:\\\/\\\/kaffischerhude.de\\\/\",\"name\":\"KaFF - art beside the river Fischerhude\",\"description\":\"\",\"potentialAction\":[{\"@type\":\"SearchAction\",\"target\":{\"@type\":\"EntryPoint\",\"urlTemplate\":\"https:\\\/\\\/kaffischerhude.de\\\/?s={search_term_string}\"},\"query-input\":{\"@type\":\"PropertyValueSpecification\",\"valueRequired\":true,\"valueName\":\"search_term_string\"}}],\"inLanguage\":\"en-US\"}]}<\/script>\n<!-- \/ Yoast SEO plugin. -->","yoast_head_json":{"title":"1950-1970 - KaFF - art beside the river Fischerhude","robots":{"index":"index","follow":"follow","max-snippet":"max-snippet:-1","max-image-preview":"max-image-preview:large","max-video-preview":"max-video-preview:-1"},"canonical":"https:\/\/kaffischerhude.de\/archiv-werner-zoehl\/1950-1970\/","og_locale":"en_US","og_type":"article","og_title":"1950-1970 - KaFF - art beside the river Fischerhude","og_url":"https:\/\/kaffischerhude.de\/archiv-werner-zoehl\/1950-1970\/","og_site_name":"KaFF - art beside the river Fischerhude","article_modified_time":"2016-05-12T10:39:04+00:00","og_image":[{"url":"https:\/\/kaffischerhude.de\/wp-content\/uploads\/malerei-zoehl-gr-01-2-e1458849015867-134x134.jpg","type":"","width":"","height":""}],"twitter_card":"summary_large_image","schema":{"@context":"https:\/\/schema.org","@graph":[{"@type":"WebPage","@id":"https:\/\/kaffischerhude.de\/archiv-werner-zoehl\/1950-1970\/","url":"https:\/\/kaffischerhude.de\/archiv-werner-zoehl\/1950-1970\/","name":"1950-1970 - KaFF - art beside the river Fischerhude","isPartOf":{"@id":"https:\/\/kaffischerhude.de\/#website"},"datePublished":"2016-02-27T20:08:02+00:00","dateModified":"2016-05-12T10:39:04+00:00","breadcrumb":{"@id":"https:\/\/kaffischerhude.de\/archiv-werner-zoehl\/1950-1970\/#breadcrumb"},"inLanguage":"en-US","potentialAction":[{"@type":"ReadAction","target":["https:\/\/kaffischerhude.de\/archiv-werner-zoehl\/1950-1970\/"]}]},{"@type":"BreadcrumbList","@id":"https:\/\/kaffischerhude.de\/archiv-werner-zoehl\/1950-1970\/#breadcrumb","itemListElement":[{"@type":"ListItem","position":1,"name":"Home","item":"https:\/\/kaffischerhude.de\/"},{"@type":"ListItem","position":2,"name":"Archiv Werner Z\u00f6hl","item":"https:\/\/kaffischerhude.de\/archiv-werner-zoehl\/"},{"@type":"ListItem","position":3,"name":"1950-1970"}]},{"@type":"WebSite","@id":"https:\/\/kaffischerhude.de\/#website","url":"https:\/\/kaffischerhude.de\/","name":"KaFF - art beside the river Fischerhude","description":"","potentialAction":[{"@type":"SearchAction","target":{"@type":"EntryPoint","urlTemplate":"https:\/\/kaffischerhude.de\/?s={search_term_string}"},"query-input":{"@type":"PropertyValueSpecification","valueRequired":true,"valueName":"search_term_string"}}],"inLanguage":"en-US"}]}},"_links":{"self":[{"href":"https:\/\/kaffischerhude.de\/en\/wp-json\/wp\/v2\/pages\/63","targetHints":{"allow":["GET"]}}],"collection":[{"href":"https:\/\/kaffischerhude.de\/en\/wp-json\/wp\/v2\/pages"}],"about":[{"href":"https:\/\/kaffischerhude.de\/en\/wp-json\/wp\/v2\/types\/page"}],"author":[{"embeddable":true,"href":"https:\/\/kaffischerhude.de\/en\/wp-json\/wp\/v2\/users\/1"}],"replies":[{"embeddable":true,"href":"https:\/\/kaffischerhude.de\/en\/wp-json\/wp\/v2\/comments?post=63"}],"version-history":[{"count":4,"href":"https:\/\/kaffischerhude.de\/en\/wp-json\/wp\/v2\/pages\/63\/revisions"}],"predecessor-version":[{"id":1495,"href":"https:\/\/kaffischerhude.de\/en\/wp-json\/wp\/v2\/pages\/63\/revisions\/1495"}],"up":[{"embeddable":true,"href":"https:\/\/kaffischerhude.de\/en\/wp-json\/wp\/v2\/pages\/9"}],"wp:attachment":[{"href":"https:\/\/kaffischerhude.de\/en\/wp-json\/wp\/v2\/media?parent=63"}],"curies":[{"name":"wp","href":"https:\/\/api.w.org\/{rel}","templated":true}]}}