{"id":64,"date":"2016-02-27T21:08:08","date_gmt":"2016-02-27T20:08:08","guid":{"rendered":"http:\/\/kaffischerhude.de\/?page_id=64"},"modified":"2016-05-12T12:39:04","modified_gmt":"2016-05-12T10:39:04","slug":"1971-1990","status":"publish","type":"page","link":"https:\/\/kaffischerhude.de\/en\/archiv-werner-zoehl\/1971-1990\/","title":{"rendered":"1971-1990"},"content":{"rendered":"\n\t\t<style type=\"text\/css\">\n\t\t\t#gallery-1 {\n\t\t\t\tmargin: auto;\n\t\t\t}\n\t\t\t#gallery-1 .gallery-item {\n\t\t\t\tfloat: left;\n\t\t\t\tmargin-top: 10px;\n\t\t\t\ttext-align: center;\n\t\t\t\twidth: 25%;\n\t\t\t}\n\t\t\t#gallery-1 img {\n\t\t\t\tborder: 2px solid #cfcfcf;\n\t\t\t}\n\t\t\t#gallery-1 .gallery-caption {\n\t\t\t\tmargin-left: 0;\n\t\t\t}\n\t\t\t\/* see gallery_shortcode() in wp-includes\/media.php *\/\n\t\t<\/style>\n\t\t<div data-carousel-extra='{\"blog_id\":1,\"permalink\":\"https:\\\/\\\/kaffischerhude.de\\\/en\\\/archiv-werner-zoehl\\\/1971-1990\\\/\",\"likes_blog_id\":false}' id='gallery-1' class='gallery galleryid-64 gallery-columns-4 gallery-size-thumbnail'><dl class='gallery-item'>\n\t\t\t<dt class='gallery-icon portrait'>\n\t\t\t\t<a href='https:\/\/kaffischerhude.de\/en\/malerei-zoehl-gr-01-3\/'><img loading=\"lazy\" decoding=\"async\" width=\"134\" height=\"134\" src=\"https:\/\/kaffischerhude.de\/wp-content\/uploads\/malerei-zoehl-gr-01-3-134x134.jpg\" class=\"attachment-thumbnail size-thumbnail\" alt=\"\" data-attachment-id=\"113\" data-orig-file=\"https:\/\/kaffischerhude.de\/wp-content\/uploads\/malerei-zoehl-gr-01-3.jpg\" data-orig-size=\"708,888\" data-comments-opened=\"0\" data-image-meta=\"{&quot;aperture&quot;:&quot;0&quot;,&quot;credit&quot;:&quot;&quot;,&quot;camera&quot;:&quot;&quot;,&quot;caption&quot;:&quot;&quot;,&quot;created_timestamp&quot;:&quot;0&quot;,&quot;copyright&quot;:&quot;&quot;,&quot;focal_length&quot;:&quot;0&quot;,&quot;iso&quot;:&quot;0&quot;,&quot;shutter_speed&quot;:&quot;0&quot;,&quot;title&quot;:&quot;&quot;,&quot;orientation&quot;:&quot;0&quot;,&quot;keywords&quot;:[]}\" data-image-title=\"Kleine Dorfmauern im S\u00fcden, 1972, \u00d6l auf Leinwand, 50 x 40, Inv. Nr. B02-077\" data-image-description=\"\" data-medium-file=\"https:\/\/kaffischerhude.de\/wp-content\/uploads\/malerei-zoehl-gr-01-3-239x300.jpg\" data-large-file=\"https:\/\/kaffischerhude.de\/wp-content\/uploads\/malerei-zoehl-gr-01-3.jpg\" \/><\/a>\n\t\t\t<\/dt><\/dl><dl class='gallery-item'>\n\t\t\t<dt class='gallery-icon landscape'>\n\t\t\t\t<a href='https:\/\/kaffischerhude.de\/en\/malerei-zoehl-gr-02-3\/'><img loading=\"lazy\" decoding=\"async\" width=\"134\" height=\"134\" src=\"https:\/\/kaffischerhude.de\/wp-content\/uploads\/malerei-zoehl-gr-02-3-134x134.jpg\" class=\"attachment-thumbnail size-thumbnail\" alt=\"\" data-attachment-id=\"107\" data-orig-file=\"https:\/\/kaffischerhude.de\/wp-content\/uploads\/malerei-zoehl-gr-02-3.jpg\" data-orig-size=\"1180,888\" data-comments-opened=\"0\" data-image-meta=\"{&quot;aperture&quot;:&quot;0&quot;,&quot;credit&quot;:&quot;&quot;,&quot;camera&quot;:&quot;&quot;,&quot;caption&quot;:&quot;&quot;,&quot;created_timestamp&quot;:&quot;0&quot;,&quot;copyright&quot;:&quot;&quot;,&quot;focal_length&quot;:&quot;0&quot;,&quot;iso&quot;:&quot;0&quot;,&quot;shutter_speed&quot;:&quot;0&quot;,&quot;title&quot;:&quot;&quot;,&quot;orientation&quot;:&quot;0&quot;,&quot;keywords&quot;:[]}\" data-image-title=\"Rhododendronpark, 1974, \u00d6l auf Leinwand, 60 x 80, B04-116\" data-image-description=\"\" data-medium-file=\"https:\/\/kaffischerhude.de\/wp-content\/uploads\/malerei-zoehl-gr-02-3-300x226.jpg\" data-large-file=\"https:\/\/kaffischerhude.de\/wp-content\/uploads\/malerei-zoehl-gr-02-3.jpg\" \/><\/a>\n\t\t\t<\/dt><\/dl><dl class='gallery-item'>\n\t\t\t<dt class='gallery-icon portrait'>\n\t\t\t\t<a href='https:\/\/kaffischerhude.de\/en\/malerei-zoehl-gr-03-3\/'><img loading=\"lazy\" decoding=\"async\" width=\"134\" height=\"134\" src=\"https:\/\/kaffischerhude.de\/wp-content\/uploads\/malerei-zoehl-gr-03-3-134x134.jpg\" class=\"attachment-thumbnail size-thumbnail\" alt=\"\" data-attachment-id=\"108\" data-orig-file=\"https:\/\/kaffischerhude.de\/wp-content\/uploads\/malerei-zoehl-gr-03-3.jpg\" data-orig-size=\"431,589\" data-comments-opened=\"0\" data-image-meta=\"{&quot;aperture&quot;:&quot;0&quot;,&quot;credit&quot;:&quot;&quot;,&quot;camera&quot;:&quot;&quot;,&quot;caption&quot;:&quot;&quot;,&quot;created_timestamp&quot;:&quot;0&quot;,&quot;copyright&quot;:&quot;&quot;,&quot;focal_length&quot;:&quot;0&quot;,&quot;iso&quot;:&quot;0&quot;,&quot;shutter_speed&quot;:&quot;0&quot;,&quot;title&quot;:&quot;&quot;,&quot;orientation&quot;:&quot;0&quot;,&quot;keywords&quot;:[]}\" data-image-title=\"Herbstbl\u00e4tterzeichen, 1974, \u00d6l auf Leinwand, 80 x 60, Inv. Nr. B04-106\" data-image-description=\"\" data-medium-file=\"https:\/\/kaffischerhude.de\/wp-content\/uploads\/malerei-zoehl-gr-03-3-220x300.jpg\" data-large-file=\"https:\/\/kaffischerhude.de\/wp-content\/uploads\/malerei-zoehl-gr-03-3.jpg\" \/><\/a>\n\t\t\t<\/dt><\/dl><dl class='gallery-item'>\n\t\t\t<dt class='gallery-icon portrait'>\n\t\t\t\t<a href='https:\/\/kaffischerhude.de\/en\/malerei-zoehl-gr-04-3\/'><img loading=\"lazy\" decoding=\"async\" width=\"134\" height=\"134\" src=\"https:\/\/kaffischerhude.de\/wp-content\/uploads\/malerei-zoehl-gr-04-3-134x134.jpg\" class=\"attachment-thumbnail size-thumbnail\" alt=\"\" data-attachment-id=\"109\" data-orig-file=\"https:\/\/kaffischerhude.de\/wp-content\/uploads\/malerei-zoehl-gr-04-3.jpg\" data-orig-size=\"709,888\" data-comments-opened=\"0\" data-image-meta=\"{&quot;aperture&quot;:&quot;0&quot;,&quot;credit&quot;:&quot;&quot;,&quot;camera&quot;:&quot;&quot;,&quot;caption&quot;:&quot;&quot;,&quot;created_timestamp&quot;:&quot;0&quot;,&quot;copyright&quot;:&quot;&quot;,&quot;focal_length&quot;:&quot;0&quot;,&quot;iso&quot;:&quot;0&quot;,&quot;shutter_speed&quot;:&quot;0&quot;,&quot;title&quot;:&quot;&quot;,&quot;orientation&quot;:&quot;0&quot;,&quot;keywords&quot;:[]}\" data-image-title=\"Nach dem Fest, 1976, \u00d6l auf Leinwand, 50 x 40, Privatbesitz, Inv. Nr. B04-065\" data-image-description=\"\" data-medium-file=\"https:\/\/kaffischerhude.de\/wp-content\/uploads\/malerei-zoehl-gr-04-3-240x300.jpg\" data-large-file=\"https:\/\/kaffischerhude.de\/wp-content\/uploads\/malerei-zoehl-gr-04-3.jpg\" \/><\/a>\n\t\t\t<\/dt><\/dl><br style=\"clear: both\" \/><dl class='gallery-item'>\n\t\t\t<dt class='gallery-icon portrait'>\n\t\t\t\t<a href='https:\/\/kaffischerhude.de\/en\/malerei-zoehl-gr-05-3\/'><img loading=\"lazy\" decoding=\"async\" width=\"134\" height=\"134\" src=\"https:\/\/kaffischerhude.de\/wp-content\/uploads\/malerei-zoehl-gr-05-3-134x134.jpg\" class=\"attachment-thumbnail size-thumbnail\" alt=\"\" data-attachment-id=\"110\" data-orig-file=\"https:\/\/kaffischerhude.de\/wp-content\/uploads\/malerei-zoehl-gr-05-3.jpg\" data-orig-size=\"694,883\" data-comments-opened=\"0\" data-image-meta=\"{&quot;aperture&quot;:&quot;0&quot;,&quot;credit&quot;:&quot;&quot;,&quot;camera&quot;:&quot;&quot;,&quot;caption&quot;:&quot;&quot;,&quot;created_timestamp&quot;:&quot;0&quot;,&quot;copyright&quot;:&quot;&quot;,&quot;focal_length&quot;:&quot;0&quot;,&quot;iso&quot;:&quot;0&quot;,&quot;shutter_speed&quot;:&quot;0&quot;,&quot;title&quot;:&quot;&quot;,&quot;orientation&quot;:&quot;0&quot;,&quot;keywords&quot;:[]}\" data-image-title=\"Raubv\u00f6gel, 1979, \u00d6l auf Leinwand, 50 x 40, Inv. Nr. B05-147\" data-image-description=\"\" data-medium-file=\"https:\/\/kaffischerhude.de\/wp-content\/uploads\/malerei-zoehl-gr-05-3-236x300.jpg\" data-large-file=\"https:\/\/kaffischerhude.de\/wp-content\/uploads\/malerei-zoehl-gr-05-3.jpg\" \/><\/a>\n\t\t\t<\/dt><\/dl><dl class='gallery-item'>\n\t\t\t<dt class='gallery-icon portrait'>\n\t\t\t\t<a href='https:\/\/kaffischerhude.de\/en\/malerei-zoehl-gr-06-3\/'><img loading=\"lazy\" decoding=\"async\" width=\"134\" height=\"134\" src=\"https:\/\/kaffischerhude.de\/wp-content\/uploads\/malerei-zoehl-gr-06-3-134x134.jpg\" class=\"attachment-thumbnail size-thumbnail\" alt=\"\" data-attachment-id=\"111\" data-orig-file=\"https:\/\/kaffischerhude.de\/wp-content\/uploads\/malerei-zoehl-gr-06-3.jpg\" data-orig-size=\"361,481\" data-comments-opened=\"0\" data-image-meta=\"{&quot;aperture&quot;:&quot;0&quot;,&quot;credit&quot;:&quot;&quot;,&quot;camera&quot;:&quot;&quot;,&quot;caption&quot;:&quot;&quot;,&quot;created_timestamp&quot;:&quot;0&quot;,&quot;copyright&quot;:&quot;&quot;,&quot;focal_length&quot;:&quot;0&quot;,&quot;iso&quot;:&quot;0&quot;,&quot;shutter_speed&quot;:&quot;0&quot;,&quot;title&quot;:&quot;&quot;,&quot;orientation&quot;:&quot;0&quot;,&quot;keywords&quot;:[]}\" data-image-title=\"Blumenstrau\u00df am Erkerfenster, 1983, \u00d6l auf Leinwand, 80 x 60, Inv. Nr., B06-276\" data-image-description=\"\" data-medium-file=\"https:\/\/kaffischerhude.de\/wp-content\/uploads\/malerei-zoehl-gr-06-3-225x300.jpg\" data-large-file=\"https:\/\/kaffischerhude.de\/wp-content\/uploads\/malerei-zoehl-gr-06-3.jpg\" \/><\/a>\n\t\t\t<\/dt><\/dl><dl class='gallery-item'>\n\t\t\t<dt class='gallery-icon portrait'>\n\t\t\t\t<a href='https:\/\/kaffischerhude.de\/en\/malerei-zoehl-gr-07-3\/'><img loading=\"lazy\" decoding=\"async\" width=\"134\" height=\"134\" src=\"https:\/\/kaffischerhude.de\/wp-content\/uploads\/malerei-zoehl-gr-07-3-134x134.jpg\" class=\"attachment-thumbnail size-thumbnail\" alt=\"\" data-attachment-id=\"112\" data-orig-file=\"https:\/\/kaffischerhude.de\/wp-content\/uploads\/malerei-zoehl-gr-07-3.jpg\" data-orig-size=\"401,582\" data-comments-opened=\"0\" data-image-meta=\"{&quot;aperture&quot;:&quot;0&quot;,&quot;credit&quot;:&quot;&quot;,&quot;camera&quot;:&quot;&quot;,&quot;caption&quot;:&quot;&quot;,&quot;created_timestamp&quot;:&quot;0&quot;,&quot;copyright&quot;:&quot;&quot;,&quot;focal_length&quot;:&quot;0&quot;,&quot;iso&quot;:&quot;0&quot;,&quot;shutter_speed&quot;:&quot;0&quot;,&quot;title&quot;:&quot;&quot;,&quot;orientation&quot;:&quot;0&quot;,&quot;keywords&quot;:[]}\" data-image-title=\"Hockende am Meer, 1984, \u00d6l auf Leinwand, 22,5 x 16, Inv. Nr. M-0439\" data-image-description=\"\" data-medium-file=\"https:\/\/kaffischerhude.de\/wp-content\/uploads\/malerei-zoehl-gr-07-3-207x300.jpg\" data-large-file=\"https:\/\/kaffischerhude.de\/wp-content\/uploads\/malerei-zoehl-gr-07-3.jpg\" \/><\/a>\n\t\t\t<\/dt><\/dl><dl class='gallery-item'>\n\t\t\t<dt class='gallery-icon portrait'>\n\t\t\t\t<a href='https:\/\/kaffischerhude.de\/en\/malerei-zoehl-gr-08-3\/'><img loading=\"lazy\" decoding=\"async\" width=\"134\" height=\"134\" src=\"https:\/\/kaffischerhude.de\/wp-content\/uploads\/malerei-zoehl-gr-08-3-134x134.jpg\" class=\"attachment-thumbnail size-thumbnail\" alt=\"\" data-attachment-id=\"116\" data-orig-file=\"https:\/\/kaffischerhude.de\/wp-content\/uploads\/malerei-zoehl-gr-08-3.jpg\" data-orig-size=\"717,888\" data-comments-opened=\"0\" data-image-meta=\"{&quot;aperture&quot;:&quot;0&quot;,&quot;credit&quot;:&quot;&quot;,&quot;camera&quot;:&quot;&quot;,&quot;caption&quot;:&quot;&quot;,&quot;created_timestamp&quot;:&quot;0&quot;,&quot;copyright&quot;:&quot;&quot;,&quot;focal_length&quot;:&quot;0&quot;,&quot;iso&quot;:&quot;0&quot;,&quot;shutter_speed&quot;:&quot;0&quot;,&quot;title&quot;:&quot;&quot;,&quot;orientation&quot;:&quot;0&quot;,&quot;keywords&quot;:[]}\" data-image-title=\"Seltsame V\u00f6gel, 1985, \u00d6l auf Leinwand, 50 x 40, Inv. Nr. B07-342\" data-image-description=\"\" data-medium-file=\"https:\/\/kaffischerhude.de\/wp-content\/uploads\/malerei-zoehl-gr-08-3-242x300.jpg\" data-large-file=\"https:\/\/kaffischerhude.de\/wp-content\/uploads\/malerei-zoehl-gr-08-3.jpg\" \/><\/a>\n\t\t\t<\/dt><\/dl><br style=\"clear: both\" \/><dl class='gallery-item'>\n\t\t\t<dt class='gallery-icon portrait'>\n\t\t\t\t<a href='https:\/\/kaffischerhude.de\/en\/malerei-zoehl-gr-09-3\/'><img loading=\"lazy\" decoding=\"async\" width=\"134\" height=\"134\" src=\"https:\/\/kaffischerhude.de\/wp-content\/uploads\/malerei-zoehl-gr-09-3-134x134.jpg\" class=\"attachment-thumbnail size-thumbnail\" alt=\"\" data-attachment-id=\"117\" data-orig-file=\"https:\/\/kaffischerhude.de\/wp-content\/uploads\/malerei-zoehl-gr-09-3.jpg\" data-orig-size=\"591,736\" data-comments-opened=\"0\" data-image-meta=\"{&quot;aperture&quot;:&quot;0&quot;,&quot;credit&quot;:&quot;&quot;,&quot;camera&quot;:&quot;&quot;,&quot;caption&quot;:&quot;&quot;,&quot;created_timestamp&quot;:&quot;0&quot;,&quot;copyright&quot;:&quot;&quot;,&quot;focal_length&quot;:&quot;0&quot;,&quot;iso&quot;:&quot;0&quot;,&quot;shutter_speed&quot;:&quot;0&quot;,&quot;title&quot;:&quot;&quot;,&quot;orientation&quot;:&quot;0&quot;,&quot;keywords&quot;:[]}\" data-image-title=\"Kerzen auf dem Tisch, 1987, \u00d6l auf Leinwand, 50 x 40, Inv. Nr. B07-388\" data-image-description=\"\" data-medium-file=\"https:\/\/kaffischerhude.de\/wp-content\/uploads\/malerei-zoehl-gr-09-3-241x300.jpg\" data-large-file=\"https:\/\/kaffischerhude.de\/wp-content\/uploads\/malerei-zoehl-gr-09-3.jpg\" \/><\/a>\n\t\t\t<\/dt><\/dl><dl class='gallery-item'>\n\t\t\t<dt class='gallery-icon landscape'>\n\t\t\t\t<a href='https:\/\/kaffischerhude.de\/en\/malerei-zoehl-gr-10-3\/'><img loading=\"lazy\" decoding=\"async\" width=\"134\" height=\"134\" src=\"https:\/\/kaffischerhude.de\/wp-content\/uploads\/malerei-zoehl-gr-10-3-134x134.jpg\" class=\"attachment-thumbnail size-thumbnail\" alt=\"\" data-attachment-id=\"118\" data-orig-file=\"https:\/\/kaffischerhude.de\/wp-content\/uploads\/malerei-zoehl-gr-10-3.jpg\" data-orig-size=\"1121,888\" data-comments-opened=\"0\" data-image-meta=\"{&quot;aperture&quot;:&quot;0&quot;,&quot;credit&quot;:&quot;&quot;,&quot;camera&quot;:&quot;&quot;,&quot;caption&quot;:&quot;&quot;,&quot;created_timestamp&quot;:&quot;0&quot;,&quot;copyright&quot;:&quot;&quot;,&quot;focal_length&quot;:&quot;0&quot;,&quot;iso&quot;:&quot;0&quot;,&quot;shutter_speed&quot;:&quot;0&quot;,&quot;title&quot;:&quot;&quot;,&quot;orientation&quot;:&quot;0&quot;,&quot;keywords&quot;:[]}\" data-image-title=\"W\u00e4chter in k\u00fchler Landschaft.1989, \u00d6l auf Leinwand, 50 x 40, Inv. Nr. B07-405\" data-image-description=\"\" data-medium-file=\"https:\/\/kaffischerhude.de\/wp-content\/uploads\/malerei-zoehl-gr-10-3-300x238.jpg\" data-large-file=\"https:\/\/kaffischerhude.de\/wp-content\/uploads\/malerei-zoehl-gr-10-3.jpg\" \/><\/a>\n\t\t\t<\/dt><\/dl><dl class='gallery-item'>\n\t\t\t<dt class='gallery-icon portrait'>\n\t\t\t\t<a href='https:\/\/kaffischerhude.de\/en\/malerei-zoehl-gr-11-3\/'><img loading=\"lazy\" decoding=\"async\" width=\"134\" height=\"134\" src=\"https:\/\/kaffischerhude.de\/wp-content\/uploads\/malerei-zoehl-gr-11-3-134x134.jpg\" class=\"attachment-thumbnail size-thumbnail\" alt=\"\" data-attachment-id=\"114\" data-orig-file=\"https:\/\/kaffischerhude.de\/wp-content\/uploads\/malerei-zoehl-gr-11-3.jpg\" data-orig-size=\"248,323\" data-comments-opened=\"0\" data-image-meta=\"{&quot;aperture&quot;:&quot;0&quot;,&quot;credit&quot;:&quot;&quot;,&quot;camera&quot;:&quot;&quot;,&quot;caption&quot;:&quot;&quot;,&quot;created_timestamp&quot;:&quot;0&quot;,&quot;copyright&quot;:&quot;&quot;,&quot;focal_length&quot;:&quot;0&quot;,&quot;iso&quot;:&quot;0&quot;,&quot;shutter_speed&quot;:&quot;0&quot;,&quot;title&quot;:&quot;&quot;,&quot;orientation&quot;:&quot;0&quot;,&quot;keywords&quot;:[]}\" data-image-title=\"Badende Frauen, Holzschnitt, Handdruck, 45 x 35 cm, Inv. Nr. H01-86\" data-image-description=\"\" data-medium-file=\"https:\/\/kaffischerhude.de\/wp-content\/uploads\/malerei-zoehl-gr-11-3-230x300.jpg\" data-large-file=\"https:\/\/kaffischerhude.de\/wp-content\/uploads\/malerei-zoehl-gr-11-3.jpg\" \/><\/a>\n\t\t\t<\/dt><\/dl><dl class='gallery-item'>\n\t\t\t<dt class='gallery-icon landscape'>\n\t\t\t\t<a href='https:\/\/kaffischerhude.de\/en\/malerei-zoehl-gr-12-3\/'><img loading=\"lazy\" decoding=\"async\" width=\"134\" height=\"134\" src=\"https:\/\/kaffischerhude.de\/wp-content\/uploads\/malerei-zoehl-gr-12-3-134x134.jpg\" class=\"attachment-thumbnail size-thumbnail\" alt=\"\" data-attachment-id=\"115\" data-orig-file=\"https:\/\/kaffischerhude.de\/wp-content\/uploads\/malerei-zoehl-gr-12-3.jpg\" data-orig-size=\"345,266\" data-comments-opened=\"0\" data-image-meta=\"{&quot;aperture&quot;:&quot;0&quot;,&quot;credit&quot;:&quot;&quot;,&quot;camera&quot;:&quot;&quot;,&quot;caption&quot;:&quot;&quot;,&quot;created_timestamp&quot;:&quot;0&quot;,&quot;copyright&quot;:&quot;&quot;,&quot;focal_length&quot;:&quot;0&quot;,&quot;iso&quot;:&quot;0&quot;,&quot;shutter_speed&quot;:&quot;0&quot;,&quot;title&quot;:&quot;&quot;,&quot;orientation&quot;:&quot;0&quot;,&quot;keywords&quot;:[]}\" data-image-title=\"Sturm , Holzschnitt, Handdruck, 35 x 45 cm, Inv. Nr. h01-90\" data-image-description=\"\" data-medium-file=\"https:\/\/kaffischerhude.de\/wp-content\/uploads\/malerei-zoehl-gr-12-3-300x231.jpg\" data-large-file=\"https:\/\/kaffischerhude.de\/wp-content\/uploads\/malerei-zoehl-gr-12-3.jpg\" \/><\/a>\n\t\t\t<\/dt><\/dl><br style=\"clear: both\" \/>\n\t\t<\/div>\n\n","protected":false},"excerpt":{"rendered":"","protected":false},"author":1,"featured_media":0,"parent":9,"menu_order":2,"comment_status":"closed","ping_status":"closed","template":"galerieseite.php","meta":{"footnotes":""},"class_list":["post-64","page","type-page","status-publish","hentry"],"translation":{"provider":"WPGlobus","version":"3.0.2","language":"en","enabled_languages":["de","en"],"languages":{"de":{"title":true,"content":true,"excerpt":false},"en":{"title":false,"content":false,"excerpt":false}}},"yoast_head":"<!-- This site is optimized with the Yoast SEO plugin v27.4 - https:\/\/yoast.com\/product\/yoast-seo-wordpress\/ -->\n<title>1971-1990 - KaFF - art beside the river Fischerhude<\/title>\n<meta name=\"robots\" content=\"index, follow, max-snippet:-1, max-image-preview:large, max-video-preview:-1\" \/>\n<link rel=\"canonical\" href=\"https:\/\/kaffischerhude.de\/archiv-werner-zoehl\/1971-1990\/\" \/>\n<meta property=\"og:locale\" content=\"en_US\" \/>\n<meta property=\"og:type\" content=\"article\" \/>\n<meta property=\"og:title\" content=\"1971-1990 - KaFF - art beside the river Fischerhude\" \/>\n<meta property=\"og:url\" content=\"https:\/\/kaffischerhude.de\/archiv-werner-zoehl\/1971-1990\/\" \/>\n<meta property=\"og:site_name\" content=\"KaFF - art beside the river Fischerhude\" \/>\n<meta property=\"article:modified_time\" content=\"2016-05-12T10:39:04+00:00\" \/>\n<meta property=\"og:image\" content=\"https:\/\/kaffischerhude.de\/wp-content\/uploads\/malerei-zoehl-gr-01-3-134x134.jpg\" \/>\n<meta name=\"twitter:card\" content=\"summary_large_image\" \/>\n<script type=\"application\/ld+json\" class=\"yoast-schema-graph\">{\"@context\":\"https:\\\/\\\/schema.org\",\"@graph\":[{\"@type\":\"WebPage\",\"@id\":\"https:\\\/\\\/kaffischerhude.de\\\/archiv-werner-zoehl\\\/1971-1990\\\/\",\"url\":\"https:\\\/\\\/kaffischerhude.de\\\/archiv-werner-zoehl\\\/1971-1990\\\/\",\"name\":\"1971-1990 - KaFF - art beside the river Fischerhude\",\"isPartOf\":{\"@id\":\"https:\\\/\\\/kaffischerhude.de\\\/#website\"},\"datePublished\":\"2016-02-27T20:08:08+00:00\",\"dateModified\":\"2016-05-12T10:39:04+00:00\",\"breadcrumb\":{\"@id\":\"https:\\\/\\\/kaffischerhude.de\\\/archiv-werner-zoehl\\\/1971-1990\\\/#breadcrumb\"},\"inLanguage\":\"en-US\",\"potentialAction\":[{\"@type\":\"ReadAction\",\"target\":[\"https:\\\/\\\/kaffischerhude.de\\\/archiv-werner-zoehl\\\/1971-1990\\\/\"]}]},{\"@type\":\"BreadcrumbList\",\"@id\":\"https:\\\/\\\/kaffischerhude.de\\\/archiv-werner-zoehl\\\/1971-1990\\\/#breadcrumb\",\"itemListElement\":[{\"@type\":\"ListItem\",\"position\":1,\"name\":\"Home\",\"item\":\"https:\\\/\\\/kaffischerhude.de\\\/\"},{\"@type\":\"ListItem\",\"position\":2,\"name\":\"Archiv Werner Z\u00f6hl\",\"item\":\"https:\\\/\\\/kaffischerhude.de\\\/archiv-werner-zoehl\\\/\"},{\"@type\":\"ListItem\",\"position\":3,\"name\":\"1971-1990\"}]},{\"@type\":\"WebSite\",\"@id\":\"https:\\\/\\\/kaffischerhude.de\\\/#website\",\"url\":\"https:\\\/\\\/kaffischerhude.de\\\/\",\"name\":\"KaFF - art beside the river Fischerhude\",\"description\":\"\",\"potentialAction\":[{\"@type\":\"SearchAction\",\"target\":{\"@type\":\"EntryPoint\",\"urlTemplate\":\"https:\\\/\\\/kaffischerhude.de\\\/?s={search_term_string}\"},\"query-input\":{\"@type\":\"PropertyValueSpecification\",\"valueRequired\":true,\"valueName\":\"search_term_string\"}}],\"inLanguage\":\"en-US\"}]}<\/script>\n<!-- \/ Yoast SEO plugin. -->","yoast_head_json":{"title":"1971-1990 - KaFF - art beside the river Fischerhude","robots":{"index":"index","follow":"follow","max-snippet":"max-snippet:-1","max-image-preview":"max-image-preview:large","max-video-preview":"max-video-preview:-1"},"canonical":"https:\/\/kaffischerhude.de\/archiv-werner-zoehl\/1971-1990\/","og_locale":"en_US","og_type":"article","og_title":"1971-1990 - KaFF - art beside the river Fischerhude","og_url":"https:\/\/kaffischerhude.de\/archiv-werner-zoehl\/1971-1990\/","og_site_name":"KaFF - art beside the river Fischerhude","article_modified_time":"2016-05-12T10:39:04+00:00","og_image":[{"url":"https:\/\/kaffischerhude.de\/wp-content\/uploads\/malerei-zoehl-gr-01-3-134x134.jpg","type":"","width":"","height":""}],"twitter_card":"summary_large_image","schema":{"@context":"https:\/\/schema.org","@graph":[{"@type":"WebPage","@id":"https:\/\/kaffischerhude.de\/archiv-werner-zoehl\/1971-1990\/","url":"https:\/\/kaffischerhude.de\/archiv-werner-zoehl\/1971-1990\/","name":"1971-1990 - KaFF - art beside the river Fischerhude","isPartOf":{"@id":"https:\/\/kaffischerhude.de\/#website"},"datePublished":"2016-02-27T20:08:08+00:00","dateModified":"2016-05-12T10:39:04+00:00","breadcrumb":{"@id":"https:\/\/kaffischerhude.de\/archiv-werner-zoehl\/1971-1990\/#breadcrumb"},"inLanguage":"en-US","potentialAction":[{"@type":"ReadAction","target":["https:\/\/kaffischerhude.de\/archiv-werner-zoehl\/1971-1990\/"]}]},{"@type":"BreadcrumbList","@id":"https:\/\/kaffischerhude.de\/archiv-werner-zoehl\/1971-1990\/#breadcrumb","itemListElement":[{"@type":"ListItem","position":1,"name":"Home","item":"https:\/\/kaffischerhude.de\/"},{"@type":"ListItem","position":2,"name":"Archiv Werner Z\u00f6hl","item":"https:\/\/kaffischerhude.de\/archiv-werner-zoehl\/"},{"@type":"ListItem","position":3,"name":"1971-1990"}]},{"@type":"WebSite","@id":"https:\/\/kaffischerhude.de\/#website","url":"https:\/\/kaffischerhude.de\/","name":"KaFF - art beside the river Fischerhude","description":"","potentialAction":[{"@type":"SearchAction","target":{"@type":"EntryPoint","urlTemplate":"https:\/\/kaffischerhude.de\/?s={search_term_string}"},"query-input":{"@type":"PropertyValueSpecification","valueRequired":true,"valueName":"search_term_string"}}],"inLanguage":"en-US"}]}},"_links":{"self":[{"href":"https:\/\/kaffischerhude.de\/en\/wp-json\/wp\/v2\/pages\/64","targetHints":{"allow":["GET"]}}],"collection":[{"href":"https:\/\/kaffischerhude.de\/en\/wp-json\/wp\/v2\/pages"}],"about":[{"href":"https:\/\/kaffischerhude.de\/en\/wp-json\/wp\/v2\/types\/page"}],"author":[{"embeddable":true,"href":"https:\/\/kaffischerhude.de\/en\/wp-json\/wp\/v2\/users\/1"}],"replies":[{"embeddable":true,"href":"https:\/\/kaffischerhude.de\/en\/wp-json\/wp\/v2\/comments?post=64"}],"version-history":[{"count":3,"href":"https:\/\/kaffischerhude.de\/en\/wp-json\/wp\/v2\/pages\/64\/revisions"}],"predecessor-version":[{"id":156,"href":"https:\/\/kaffischerhude.de\/en\/wp-json\/wp\/v2\/pages\/64\/revisions\/156"}],"up":[{"embeddable":true,"href":"https:\/\/kaffischerhude.de\/en\/wp-json\/wp\/v2\/pages\/9"}],"wp:attachment":[{"href":"https:\/\/kaffischerhude.de\/en\/wp-json\/wp\/v2\/media?parent=64"}],"curies":[{"name":"wp","href":"https:\/\/api.w.org\/{rel}","templated":true}]}}