{"id":65,"date":"2016-02-27T21:08:00","date_gmt":"2016-02-27T20:08:00","guid":{"rendered":"http:\/\/kaffischerhude.de\/?page_id=65"},"modified":"2016-05-12T12:39:04","modified_gmt":"2016-05-12T10:39:04","slug":"1991-2012","status":"publish","type":"page","link":"https:\/\/kaffischerhude.de\/en\/archiv-werner-zoehl\/1991-2012\/","title":{"rendered":"1991-2012"},"content":{"rendered":"\n\t\t<style type=\"text\/css\">\n\t\t\t#gallery-1 {\n\t\t\t\tmargin: auto;\n\t\t\t}\n\t\t\t#gallery-1 .gallery-item {\n\t\t\t\tfloat: left;\n\t\t\t\tmargin-top: 10px;\n\t\t\t\ttext-align: center;\n\t\t\t\twidth: 25%;\n\t\t\t}\n\t\t\t#gallery-1 img {\n\t\t\t\tborder: 2px solid #cfcfcf;\n\t\t\t}\n\t\t\t#gallery-1 .gallery-caption {\n\t\t\t\tmargin-left: 0;\n\t\t\t}\n\t\t\t\/* see gallery_shortcode() in wp-includes\/media.php *\/\n\t\t<\/style>\n\t\t<div data-carousel-extra='{\"blog_id\":1,\"permalink\":\"https:\\\/\\\/kaffischerhude.de\\\/en\\\/archiv-werner-zoehl\\\/1991-2012\\\/\",\"likes_blog_id\":false}' id='gallery-1' class='gallery galleryid-65 gallery-columns-4 gallery-size-thumbnail'><dl class='gallery-item'>\n\t\t\t<dt class='gallery-icon portrait'>\n\t\t\t\t<a href='https:\/\/kaffischerhude.de\/en\/malerei-zoehl-gr-01-4\/'><img loading=\"lazy\" decoding=\"async\" width=\"134\" height=\"134\" src=\"https:\/\/kaffischerhude.de\/wp-content\/uploads\/malerei-zoehl-gr-01-4-134x134.jpg\" class=\"attachment-thumbnail size-thumbnail\" alt=\"\" data-attachment-id=\"125\" data-orig-file=\"https:\/\/kaffischerhude.de\/wp-content\/uploads\/malerei-zoehl-gr-01-4.jpg\" data-orig-size=\"700,878\" data-comments-opened=\"0\" data-image-meta=\"{&quot;aperture&quot;:&quot;0&quot;,&quot;credit&quot;:&quot;&quot;,&quot;camera&quot;:&quot;&quot;,&quot;caption&quot;:&quot;&quot;,&quot;created_timestamp&quot;:&quot;0&quot;,&quot;copyright&quot;:&quot;&quot;,&quot;focal_length&quot;:&quot;0&quot;,&quot;iso&quot;:&quot;0&quot;,&quot;shutter_speed&quot;:&quot;0&quot;,&quot;title&quot;:&quot;&quot;,&quot;orientation&quot;:&quot;0&quot;,&quot;keywords&quot;:[]}\" data-image-title=\"Laterne am alten Hafen, 2008, \u00d6l auf Leinwand, 50 x 40 cm, Inv. Nr. Bild 1 B10-217\" data-image-description=\"\" data-medium-file=\"https:\/\/kaffischerhude.de\/wp-content\/uploads\/malerei-zoehl-gr-01-4-239x300.jpg\" data-large-file=\"https:\/\/kaffischerhude.de\/wp-content\/uploads\/malerei-zoehl-gr-01-4.jpg\" \/><\/a>\n\t\t\t<\/dt><\/dl><dl class='gallery-item'>\n\t\t\t<dt class='gallery-icon portrait'>\n\t\t\t\t<a href='https:\/\/kaffischerhude.de\/en\/malerei-zoehl-gr-02-4\/'><img loading=\"lazy\" decoding=\"async\" width=\"134\" height=\"134\" src=\"https:\/\/kaffischerhude.de\/wp-content\/uploads\/malerei-zoehl-gr-02-4-134x134.jpg\" class=\"attachment-thumbnail size-thumbnail\" alt=\"\" data-attachment-id=\"126\" data-orig-file=\"https:\/\/kaffischerhude.de\/wp-content\/uploads\/malerei-zoehl-gr-02-4.jpg\" data-orig-size=\"659,883\" data-comments-opened=\"0\" data-image-meta=\"{&quot;aperture&quot;:&quot;0&quot;,&quot;credit&quot;:&quot;&quot;,&quot;camera&quot;:&quot;&quot;,&quot;caption&quot;:&quot;&quot;,&quot;created_timestamp&quot;:&quot;0&quot;,&quot;copyright&quot;:&quot;&quot;,&quot;focal_length&quot;:&quot;0&quot;,&quot;iso&quot;:&quot;0&quot;,&quot;shutter_speed&quot;:&quot;0&quot;,&quot;title&quot;:&quot;&quot;,&quot;orientation&quot;:&quot;0&quot;,&quot;keywords&quot;:[]}\" data-image-title=\"Blumenstrau\u00df im Zimmer, 1992, \u00d6l auf Leinwand, 40 x 50 cm, Inv. Nr. B08-227\" data-image-description=\"\" data-medium-file=\"https:\/\/kaffischerhude.de\/wp-content\/uploads\/malerei-zoehl-gr-02-4-224x300.jpg\" data-large-file=\"https:\/\/kaffischerhude.de\/wp-content\/uploads\/malerei-zoehl-gr-02-4.jpg\" \/><\/a>\n\t\t\t<\/dt><\/dl><dl class='gallery-item'>\n\t\t\t<dt class='gallery-icon landscape'>\n\t\t\t\t<a href='https:\/\/kaffischerhude.de\/en\/malerei-zoehl-gr-03-4\/'><img loading=\"lazy\" decoding=\"async\" width=\"134\" height=\"134\" src=\"https:\/\/kaffischerhude.de\/wp-content\/uploads\/malerei-zoehl-gr-03-4-134x134.jpg\" class=\"attachment-thumbnail size-thumbnail\" alt=\"\" data-attachment-id=\"127\" data-orig-file=\"https:\/\/kaffischerhude.de\/wp-content\/uploads\/malerei-zoehl-gr-03-4.jpg\" data-orig-size=\"1188,888\" data-comments-opened=\"0\" data-image-meta=\"{&quot;aperture&quot;:&quot;0&quot;,&quot;credit&quot;:&quot;&quot;,&quot;camera&quot;:&quot;&quot;,&quot;caption&quot;:&quot;&quot;,&quot;created_timestamp&quot;:&quot;0&quot;,&quot;copyright&quot;:&quot;&quot;,&quot;focal_length&quot;:&quot;0&quot;,&quot;iso&quot;:&quot;0&quot;,&quot;shutter_speed&quot;:&quot;0&quot;,&quot;title&quot;:&quot;&quot;,&quot;orientation&quot;:&quot;0&quot;,&quot;keywords&quot;:[]}\" data-image-title=\"Strandlinie, 2002, \u00d6l auf Leinwand, 60 x 80 cm, Inv. Nr. B09-351\" data-image-description=\"\" data-medium-file=\"https:\/\/kaffischerhude.de\/wp-content\/uploads\/malerei-zoehl-gr-03-4-300x224.jpg\" data-large-file=\"https:\/\/kaffischerhude.de\/wp-content\/uploads\/malerei-zoehl-gr-03-4.jpg\" \/><\/a>\n\t\t\t<\/dt><\/dl><dl class='gallery-item'>\n\t\t\t<dt class='gallery-icon portrait'>\n\t\t\t\t<a href='https:\/\/kaffischerhude.de\/en\/malerei-zoehl-gr-04-4\/'><img loading=\"lazy\" decoding=\"async\" width=\"134\" height=\"134\" src=\"https:\/\/kaffischerhude.de\/wp-content\/uploads\/malerei-zoehl-gr-04-4-134x134.jpg\" class=\"attachment-thumbnail size-thumbnail\" alt=\"\" data-attachment-id=\"128\" data-orig-file=\"https:\/\/kaffischerhude.de\/wp-content\/uploads\/malerei-zoehl-gr-04-4.jpg\" data-orig-size=\"701,886\" data-comments-opened=\"0\" data-image-meta=\"{&quot;aperture&quot;:&quot;0&quot;,&quot;credit&quot;:&quot;&quot;,&quot;camera&quot;:&quot;&quot;,&quot;caption&quot;:&quot;&quot;,&quot;created_timestamp&quot;:&quot;0&quot;,&quot;copyright&quot;:&quot;&quot;,&quot;focal_length&quot;:&quot;0&quot;,&quot;iso&quot;:&quot;0&quot;,&quot;shutter_speed&quot;:&quot;0&quot;,&quot;title&quot;:&quot;&quot;,&quot;orientation&quot;:&quot;0&quot;,&quot;keywords&quot;:[]}\" data-image-title=\"Einem Vogel gegen\u00fcber, \u00d6l auf Leinwand, 50 x 40 cm, Inv. Nr. B09-338\" data-image-description=\"\" data-medium-file=\"https:\/\/kaffischerhude.de\/wp-content\/uploads\/malerei-zoehl-gr-04-4-237x300.jpg\" data-large-file=\"https:\/\/kaffischerhude.de\/wp-content\/uploads\/malerei-zoehl-gr-04-4.jpg\" \/><\/a>\n\t\t\t<\/dt><\/dl><br style=\"clear: both\" \/><dl class='gallery-item'>\n\t\t\t<dt class='gallery-icon portrait'>\n\t\t\t\t<a href='https:\/\/kaffischerhude.de\/en\/malerei-zoehl-gr-05-4\/'><img loading=\"lazy\" decoding=\"async\" width=\"134\" height=\"134\" src=\"https:\/\/kaffischerhude.de\/wp-content\/uploads\/malerei-zoehl-gr-05-4-134x134.jpg\" class=\"attachment-thumbnail size-thumbnail\" alt=\"\" data-attachment-id=\"129\" data-orig-file=\"https:\/\/kaffischerhude.de\/wp-content\/uploads\/malerei-zoehl-gr-05-4.jpg\" data-orig-size=\"673,888\" data-comments-opened=\"0\" data-image-meta=\"{&quot;aperture&quot;:&quot;0&quot;,&quot;credit&quot;:&quot;&quot;,&quot;camera&quot;:&quot;&quot;,&quot;caption&quot;:&quot;&quot;,&quot;created_timestamp&quot;:&quot;0&quot;,&quot;copyright&quot;:&quot;&quot;,&quot;focal_length&quot;:&quot;0&quot;,&quot;iso&quot;:&quot;0&quot;,&quot;shutter_speed&quot;:&quot;0&quot;,&quot;title&quot;:&quot;&quot;,&quot;orientation&quot;:&quot;0&quot;,&quot;keywords&quot;:[]}\" data-image-title=\"Vogelflug \u00fcber D\u00e4chern, \u00d6l auf Leinwand, 80 x 60 cm, Inv. Nr. B09-330\" data-image-description=\"\" data-medium-file=\"https:\/\/kaffischerhude.de\/wp-content\/uploads\/malerei-zoehl-gr-05-4-227x300.jpg\" data-large-file=\"https:\/\/kaffischerhude.de\/wp-content\/uploads\/malerei-zoehl-gr-05-4.jpg\" \/><\/a>\n\t\t\t<\/dt><\/dl><dl class='gallery-item'>\n\t\t\t<dt class='gallery-icon portrait'>\n\t\t\t\t<a href='https:\/\/kaffischerhude.de\/en\/malerei-zoehl-gr-06-4\/'><img loading=\"lazy\" decoding=\"async\" width=\"134\" height=\"134\" src=\"https:\/\/kaffischerhude.de\/wp-content\/uploads\/malerei-zoehl-gr-06-4-134x134.jpg\" class=\"attachment-thumbnail size-thumbnail\" alt=\"\" data-attachment-id=\"130\" data-orig-file=\"https:\/\/kaffischerhude.de\/wp-content\/uploads\/malerei-zoehl-gr-06-4.jpg\" data-orig-size=\"699,886\" data-comments-opened=\"0\" data-image-meta=\"{&quot;aperture&quot;:&quot;0&quot;,&quot;credit&quot;:&quot;&quot;,&quot;camera&quot;:&quot;&quot;,&quot;caption&quot;:&quot;&quot;,&quot;created_timestamp&quot;:&quot;0&quot;,&quot;copyright&quot;:&quot;&quot;,&quot;focal_length&quot;:&quot;0&quot;,&quot;iso&quot;:&quot;0&quot;,&quot;shutter_speed&quot;:&quot;0&quot;,&quot;title&quot;:&quot;&quot;,&quot;orientation&quot;:&quot;0&quot;,&quot;keywords&quot;:[]}\" data-image-title=\"Windstoss, 2006, \u00d6l auf Leinwand, 50 x 40 cm, Inv. Nr. B10-164\" data-image-description=\"\" data-medium-file=\"https:\/\/kaffischerhude.de\/wp-content\/uploads\/malerei-zoehl-gr-06-4-237x300.jpg\" data-large-file=\"https:\/\/kaffischerhude.de\/wp-content\/uploads\/malerei-zoehl-gr-06-4.jpg\" \/><\/a>\n\t\t\t<\/dt><\/dl><dl class='gallery-item'>\n\t\t\t<dt class='gallery-icon landscape'>\n\t\t\t\t<a href='https:\/\/kaffischerhude.de\/en\/malerei-zoehl-gr-07-4\/'><img loading=\"lazy\" decoding=\"async\" width=\"134\" height=\"134\" src=\"https:\/\/kaffischerhude.de\/wp-content\/uploads\/malerei-zoehl-gr-07-4-134x134.jpg\" class=\"attachment-thumbnail size-thumbnail\" alt=\"\" data-attachment-id=\"119\" data-orig-file=\"https:\/\/kaffischerhude.de\/wp-content\/uploads\/malerei-zoehl-gr-07-4.jpg\" data-orig-size=\"660,540\" data-comments-opened=\"0\" data-image-meta=\"{&quot;aperture&quot;:&quot;0&quot;,&quot;credit&quot;:&quot;&quot;,&quot;camera&quot;:&quot;&quot;,&quot;caption&quot;:&quot;&quot;,&quot;created_timestamp&quot;:&quot;0&quot;,&quot;copyright&quot;:&quot;&quot;,&quot;focal_length&quot;:&quot;0&quot;,&quot;iso&quot;:&quot;0&quot;,&quot;shutter_speed&quot;:&quot;0&quot;,&quot;title&quot;:&quot;&quot;,&quot;orientation&quot;:&quot;0&quot;,&quot;keywords&quot;:[]}\" data-image-title=\"Begegnung am Futterplatz, 2000, \u00d6l auf Leinwand, 40 x 50 cm, Inv. Nr. b09-218\" data-image-description=\"\" data-medium-file=\"https:\/\/kaffischerhude.de\/wp-content\/uploads\/malerei-zoehl-gr-07-4-300x245.jpg\" data-large-file=\"https:\/\/kaffischerhude.de\/wp-content\/uploads\/malerei-zoehl-gr-07-4.jpg\" \/><\/a>\n\t\t\t<\/dt><\/dl><dl class='gallery-item'>\n\t\t\t<dt class='gallery-icon portrait'>\n\t\t\t\t<a href='https:\/\/kaffischerhude.de\/en\/startseite\/malerei-zoehl-gr-08-4\/'><img loading=\"lazy\" decoding=\"async\" width=\"134\" height=\"134\" src=\"https:\/\/kaffischerhude.de\/wp-content\/uploads\/malerei-zoehl-gr-08-4-134x134.jpg\" class=\"attachment-thumbnail size-thumbnail\" alt=\"\" data-attachment-id=\"120\" data-orig-file=\"https:\/\/kaffischerhude.de\/wp-content\/uploads\/malerei-zoehl-gr-08-4.jpg\" data-orig-size=\"656,888\" data-comments-opened=\"0\" data-image-meta=\"{&quot;aperture&quot;:&quot;0&quot;,&quot;credit&quot;:&quot;&quot;,&quot;camera&quot;:&quot;&quot;,&quot;caption&quot;:&quot;&quot;,&quot;created_timestamp&quot;:&quot;0&quot;,&quot;copyright&quot;:&quot;&quot;,&quot;focal_length&quot;:&quot;0&quot;,&quot;iso&quot;:&quot;0&quot;,&quot;shutter_speed&quot;:&quot;0&quot;,&quot;title&quot;:&quot;&quot;,&quot;orientation&quot;:&quot;0&quot;,&quot;keywords&quot;:[]}\" data-image-title=\"Stilleben mit Blumenvase auf einem runden Tisch, 2001, 80 x 60 cm, \u00d6l auf Leinwand, Inv. Nr. B09-259\" data-image-description=\"\" data-medium-file=\"https:\/\/kaffischerhude.de\/wp-content\/uploads\/malerei-zoehl-gr-08-4-222x300.jpg\" data-large-file=\"https:\/\/kaffischerhude.de\/wp-content\/uploads\/malerei-zoehl-gr-08-4.jpg\" \/><\/a>\n\t\t\t<\/dt><\/dl><br style=\"clear: both\" \/><dl class='gallery-item'>\n\t\t\t<dt class='gallery-icon portrait'>\n\t\t\t\t<a href='https:\/\/kaffischerhude.de\/en\/malerei-zoehl-gr-09-4\/'><img loading=\"lazy\" decoding=\"async\" width=\"134\" height=\"134\" src=\"https:\/\/kaffischerhude.de\/wp-content\/uploads\/malerei-zoehl-gr-09-4-134x134.jpg\" class=\"attachment-thumbnail size-thumbnail\" alt=\"\" data-attachment-id=\"121\" data-orig-file=\"https:\/\/kaffischerhude.de\/wp-content\/uploads\/malerei-zoehl-gr-09-4.jpg\" data-orig-size=\"716,888\" data-comments-opened=\"0\" data-image-meta=\"{&quot;aperture&quot;:&quot;0&quot;,&quot;credit&quot;:&quot;&quot;,&quot;camera&quot;:&quot;&quot;,&quot;caption&quot;:&quot;&quot;,&quot;created_timestamp&quot;:&quot;0&quot;,&quot;copyright&quot;:&quot;&quot;,&quot;focal_length&quot;:&quot;0&quot;,&quot;iso&quot;:&quot;0&quot;,&quot;shutter_speed&quot;:&quot;0&quot;,&quot;title&quot;:&quot;&quot;,&quot;orientation&quot;:&quot;0&quot;,&quot;keywords&quot;:[]}\" data-image-title=\"Verloren im Herbst, 1991, \u00d6l auf Leinwand, 50 x 40 cm, Inv. Nr. B08-059\" data-image-description=\"\" data-medium-file=\"https:\/\/kaffischerhude.de\/wp-content\/uploads\/malerei-zoehl-gr-09-4-242x300.jpg\" data-large-file=\"https:\/\/kaffischerhude.de\/wp-content\/uploads\/malerei-zoehl-gr-09-4.jpg\" \/><\/a>\n\t\t\t<\/dt><\/dl><dl class='gallery-item'>\n\t\t\t<dt class='gallery-icon landscape'>\n\t\t\t\t<a href='https:\/\/kaffischerhude.de\/en\/malerei-zoehl-gr-10-4\/'><img loading=\"lazy\" decoding=\"async\" width=\"134\" height=\"134\" src=\"https:\/\/kaffischerhude.de\/wp-content\/uploads\/malerei-zoehl-gr-10-4-134x134.jpg\" class=\"attachment-thumbnail size-thumbnail\" alt=\"\" data-attachment-id=\"122\" data-orig-file=\"https:\/\/kaffischerhude.de\/wp-content\/uploads\/malerei-zoehl-gr-10-4.jpg\" data-orig-size=\"1103,888\" data-comments-opened=\"0\" data-image-meta=\"{&quot;aperture&quot;:&quot;0&quot;,&quot;credit&quot;:&quot;&quot;,&quot;camera&quot;:&quot;&quot;,&quot;caption&quot;:&quot;&quot;,&quot;created_timestamp&quot;:&quot;0&quot;,&quot;copyright&quot;:&quot;&quot;,&quot;focal_length&quot;:&quot;0&quot;,&quot;iso&quot;:&quot;0&quot;,&quot;shutter_speed&quot;:&quot;0&quot;,&quot;title&quot;:&quot;&quot;,&quot;orientation&quot;:&quot;0&quot;,&quot;keywords&quot;:[]}\" data-image-title=\"Herbstliche B\u00e4ume, 1990, \u00d6l auf Leinwand, 50 x 40 cm, Inv. Nr. B08-053, Privatbesitz\" data-image-description=\"\" data-medium-file=\"https:\/\/kaffischerhude.de\/wp-content\/uploads\/malerei-zoehl-gr-10-4-300x242.jpg\" data-large-file=\"https:\/\/kaffischerhude.de\/wp-content\/uploads\/malerei-zoehl-gr-10-4.jpg\" \/><\/a>\n\t\t\t<\/dt><\/dl><dl class='gallery-item'>\n\t\t\t<dt class='gallery-icon portrait'>\n\t\t\t\t<a href='https:\/\/kaffischerhude.de\/en\/malerei-zoehl-gr-11-4\/'><img loading=\"lazy\" decoding=\"async\" width=\"134\" height=\"134\" src=\"https:\/\/kaffischerhude.de\/wp-content\/uploads\/malerei-zoehl-gr-11-4-134x134.jpg\" class=\"attachment-thumbnail size-thumbnail\" alt=\"\" data-attachment-id=\"123\" data-orig-file=\"https:\/\/kaffischerhude.de\/wp-content\/uploads\/malerei-zoehl-gr-11-4.jpg\" data-orig-size=\"193,297\" data-comments-opened=\"0\" data-image-meta=\"{&quot;aperture&quot;:&quot;0&quot;,&quot;credit&quot;:&quot;&quot;,&quot;camera&quot;:&quot;&quot;,&quot;caption&quot;:&quot;&quot;,&quot;created_timestamp&quot;:&quot;0&quot;,&quot;copyright&quot;:&quot;&quot;,&quot;focal_length&quot;:&quot;0&quot;,&quot;iso&quot;:&quot;0&quot;,&quot;shutter_speed&quot;:&quot;0&quot;,&quot;title&quot;:&quot;&quot;,&quot;orientation&quot;:&quot;0&quot;,&quot;keywords&quot;:[]}\" data-image-title=\"Frau mit F\u00e4cher, 1995, Holzschnitt, Handdruck, 20,5 x 13,5 cm, Inv. Nr. H04-95\" data-image-description=\"\" data-medium-file=\"https:\/\/kaffischerhude.de\/wp-content\/uploads\/malerei-zoehl-gr-11-4.jpg\" data-large-file=\"https:\/\/kaffischerhude.de\/wp-content\/uploads\/malerei-zoehl-gr-11-4.jpg\" \/><\/a>\n\t\t\t<\/dt><\/dl><dl class='gallery-item'>\n\t\t\t<dt class='gallery-icon landscape'>\n\t\t\t\t<a href='https:\/\/kaffischerhude.de\/en\/malerei-zoehl-gr-12-4\/'><img loading=\"lazy\" decoding=\"async\" width=\"134\" height=\"134\" src=\"https:\/\/kaffischerhude.de\/wp-content\/uploads\/malerei-zoehl-gr-12-4-134x134.jpg\" class=\"attachment-thumbnail size-thumbnail\" alt=\"\" data-attachment-id=\"124\" data-orig-file=\"https:\/\/kaffischerhude.de\/wp-content\/uploads\/malerei-zoehl-gr-12-4.jpg\" data-orig-size=\"286,204\" data-comments-opened=\"0\" data-image-meta=\"{&quot;aperture&quot;:&quot;0&quot;,&quot;credit&quot;:&quot;&quot;,&quot;camera&quot;:&quot;&quot;,&quot;caption&quot;:&quot;&quot;,&quot;created_timestamp&quot;:&quot;0&quot;,&quot;copyright&quot;:&quot;&quot;,&quot;focal_length&quot;:&quot;0&quot;,&quot;iso&quot;:&quot;0&quot;,&quot;shutter_speed&quot;:&quot;0&quot;,&quot;title&quot;:&quot;&quot;,&quot;orientation&quot;:&quot;0&quot;,&quot;keywords&quot;:[]}\" data-image-title=\"Stilleben mit Stuhl und Gef\u00e4\u00dfen, 1995, Farbholzschnitt, Handdruck, 21,5 x 30 cm, Inv. Nr. FH-05\" data-image-description=\"\" data-medium-file=\"https:\/\/kaffischerhude.de\/wp-content\/uploads\/malerei-zoehl-gr-12-4.jpg\" data-large-file=\"https:\/\/kaffischerhude.de\/wp-content\/uploads\/malerei-zoehl-gr-12-4.jpg\" \/><\/a>\n\t\t\t<\/dt><\/dl><br style=\"clear: both\" \/>\n\t\t<\/div>\n\n","protected":false},"excerpt":{"rendered":"","protected":false},"author":1,"featured_media":0,"parent":9,"menu_order":3,"comment_status":"closed","ping_status":"closed","template":"galerieseite.php","meta":{"footnotes":""},"class_list":["post-65","page","type-page","status-publish","hentry"],"translation":{"provider":"WPGlobus","version":"3.0.2","language":"en","enabled_languages":["de","en"],"languages":{"de":{"title":true,"content":true,"excerpt":false},"en":{"title":false,"content":false,"excerpt":false}}},"yoast_head":"<!-- This site is optimized with the Yoast SEO plugin v27.4 - https:\/\/yoast.com\/product\/yoast-seo-wordpress\/ -->\n<title>1991-2012 - KaFF - art beside the river Fischerhude<\/title>\n<meta name=\"robots\" content=\"index, follow, max-snippet:-1, max-image-preview:large, max-video-preview:-1\" \/>\n<link rel=\"canonical\" href=\"https:\/\/kaffischerhude.de\/archiv-werner-zoehl\/1991-2012\/\" \/>\n<meta property=\"og:locale\" content=\"en_US\" \/>\n<meta property=\"og:type\" content=\"article\" \/>\n<meta property=\"og:title\" content=\"1991-2012 - KaFF - art beside the river Fischerhude\" \/>\n<meta property=\"og:url\" content=\"https:\/\/kaffischerhude.de\/archiv-werner-zoehl\/1991-2012\/\" \/>\n<meta property=\"og:site_name\" content=\"KaFF - art beside the river Fischerhude\" \/>\n<meta property=\"article:modified_time\" content=\"2016-05-12T10:39:04+00:00\" \/>\n<meta property=\"og:image\" content=\"https:\/\/kaffischerhude.de\/wp-content\/uploads\/malerei-zoehl-gr-01-4-134x134.jpg\" \/>\n<meta name=\"twitter:card\" content=\"summary_large_image\" \/>\n<script type=\"application\/ld+json\" class=\"yoast-schema-graph\">{\"@context\":\"https:\\\/\\\/schema.org\",\"@graph\":[{\"@type\":\"WebPage\",\"@id\":\"https:\\\/\\\/kaffischerhude.de\\\/archiv-werner-zoehl\\\/1991-2012\\\/\",\"url\":\"https:\\\/\\\/kaffischerhude.de\\\/archiv-werner-zoehl\\\/1991-2012\\\/\",\"name\":\"1991-2012 - KaFF - art beside the river Fischerhude\",\"isPartOf\":{\"@id\":\"https:\\\/\\\/kaffischerhude.de\\\/#website\"},\"datePublished\":\"2016-02-27T20:08:00+00:00\",\"dateModified\":\"2016-05-12T10:39:04+00:00\",\"breadcrumb\":{\"@id\":\"https:\\\/\\\/kaffischerhude.de\\\/archiv-werner-zoehl\\\/1991-2012\\\/#breadcrumb\"},\"inLanguage\":\"en-US\",\"potentialAction\":[{\"@type\":\"ReadAction\",\"target\":[\"https:\\\/\\\/kaffischerhude.de\\\/archiv-werner-zoehl\\\/1991-2012\\\/\"]}]},{\"@type\":\"BreadcrumbList\",\"@id\":\"https:\\\/\\\/kaffischerhude.de\\\/archiv-werner-zoehl\\\/1991-2012\\\/#breadcrumb\",\"itemListElement\":[{\"@type\":\"ListItem\",\"position\":1,\"name\":\"Home\",\"item\":\"https:\\\/\\\/kaffischerhude.de\\\/\"},{\"@type\":\"ListItem\",\"position\":2,\"name\":\"Archiv Werner Z\u00f6hl\",\"item\":\"https:\\\/\\\/kaffischerhude.de\\\/archiv-werner-zoehl\\\/\"},{\"@type\":\"ListItem\",\"position\":3,\"name\":\"1991-2012\"}]},{\"@type\":\"WebSite\",\"@id\":\"https:\\\/\\\/kaffischerhude.de\\\/#website\",\"url\":\"https:\\\/\\\/kaffischerhude.de\\\/\",\"name\":\"KaFF - art beside the river Fischerhude\",\"description\":\"\",\"potentialAction\":[{\"@type\":\"SearchAction\",\"target\":{\"@type\":\"EntryPoint\",\"urlTemplate\":\"https:\\\/\\\/kaffischerhude.de\\\/?s={search_term_string}\"},\"query-input\":{\"@type\":\"PropertyValueSpecification\",\"valueRequired\":true,\"valueName\":\"search_term_string\"}}],\"inLanguage\":\"en-US\"}]}<\/script>\n<!-- \/ Yoast SEO plugin. -->","yoast_head_json":{"title":"1991-2012 - KaFF - art beside the river Fischerhude","robots":{"index":"index","follow":"follow","max-snippet":"max-snippet:-1","max-image-preview":"max-image-preview:large","max-video-preview":"max-video-preview:-1"},"canonical":"https:\/\/kaffischerhude.de\/archiv-werner-zoehl\/1991-2012\/","og_locale":"en_US","og_type":"article","og_title":"1991-2012 - KaFF - art beside the river Fischerhude","og_url":"https:\/\/kaffischerhude.de\/archiv-werner-zoehl\/1991-2012\/","og_site_name":"KaFF - art beside the river Fischerhude","article_modified_time":"2016-05-12T10:39:04+00:00","og_image":[{"url":"https:\/\/kaffischerhude.de\/wp-content\/uploads\/malerei-zoehl-gr-01-4-134x134.jpg","type":"","width":"","height":""}],"twitter_card":"summary_large_image","schema":{"@context":"https:\/\/schema.org","@graph":[{"@type":"WebPage","@id":"https:\/\/kaffischerhude.de\/archiv-werner-zoehl\/1991-2012\/","url":"https:\/\/kaffischerhude.de\/archiv-werner-zoehl\/1991-2012\/","name":"1991-2012 - KaFF - art beside the river Fischerhude","isPartOf":{"@id":"https:\/\/kaffischerhude.de\/#website"},"datePublished":"2016-02-27T20:08:00+00:00","dateModified":"2016-05-12T10:39:04+00:00","breadcrumb":{"@id":"https:\/\/kaffischerhude.de\/archiv-werner-zoehl\/1991-2012\/#breadcrumb"},"inLanguage":"en-US","potentialAction":[{"@type":"ReadAction","target":["https:\/\/kaffischerhude.de\/archiv-werner-zoehl\/1991-2012\/"]}]},{"@type":"BreadcrumbList","@id":"https:\/\/kaffischerhude.de\/archiv-werner-zoehl\/1991-2012\/#breadcrumb","itemListElement":[{"@type":"ListItem","position":1,"name":"Home","item":"https:\/\/kaffischerhude.de\/"},{"@type":"ListItem","position":2,"name":"Archiv Werner Z\u00f6hl","item":"https:\/\/kaffischerhude.de\/archiv-werner-zoehl\/"},{"@type":"ListItem","position":3,"name":"1991-2012"}]},{"@type":"WebSite","@id":"https:\/\/kaffischerhude.de\/#website","url":"https:\/\/kaffischerhude.de\/","name":"KaFF - art beside the river Fischerhude","description":"","potentialAction":[{"@type":"SearchAction","target":{"@type":"EntryPoint","urlTemplate":"https:\/\/kaffischerhude.de\/?s={search_term_string}"},"query-input":{"@type":"PropertyValueSpecification","valueRequired":true,"valueName":"search_term_string"}}],"inLanguage":"en-US"}]}},"_links":{"self":[{"href":"https:\/\/kaffischerhude.de\/en\/wp-json\/wp\/v2\/pages\/65","targetHints":{"allow":["GET"]}}],"collection":[{"href":"https:\/\/kaffischerhude.de\/en\/wp-json\/wp\/v2\/pages"}],"about":[{"href":"https:\/\/kaffischerhude.de\/en\/wp-json\/wp\/v2\/types\/page"}],"author":[{"embeddable":true,"href":"https:\/\/kaffischerhude.de\/en\/wp-json\/wp\/v2\/users\/1"}],"replies":[{"embeddable":true,"href":"https:\/\/kaffischerhude.de\/en\/wp-json\/wp\/v2\/comments?post=65"}],"version-history":[{"count":4,"href":"https:\/\/kaffischerhude.de\/en\/wp-json\/wp\/v2\/pages\/65\/revisions"}],"predecessor-version":[{"id":159,"href":"https:\/\/kaffischerhude.de\/en\/wp-json\/wp\/v2\/pages\/65\/revisions\/159"}],"up":[{"embeddable":true,"href":"https:\/\/kaffischerhude.de\/en\/wp-json\/wp\/v2\/pages\/9"}],"wp:attachment":[{"href":"https:\/\/kaffischerhude.de\/en\/wp-json\/wp\/v2\/media?parent=65"}],"curies":[{"name":"wp","href":"https:\/\/api.w.org\/{rel}","templated":true}]}}