{"id":66,"date":"2016-02-27T21:07:58","date_gmt":"2016-02-27T20:07:58","guid":{"rendered":"http:\/\/kaffischerhude.de\/?page_id=66"},"modified":"2016-05-13T23:50:48","modified_gmt":"2016-05-13T21:50:48","slug":"1950-2012-entwuerfe","status":"publish","type":"page","link":"https:\/\/kaffischerhude.de\/en\/archiv-werner-zoehl\/1950-2012-entwuerfe\/","title":{"rendered":"1950-2012 Drafts"},"content":{"rendered":"<h1>\u00d6ffentliche Auftr\u00e4ge<\/h1>\n\n\t\t<style type=\"text\/css\">\n\t\t\t#gallery-1 {\n\t\t\t\tmargin: auto;\n\t\t\t}\n\t\t\t#gallery-1 .gallery-item {\n\t\t\t\tfloat: left;\n\t\t\t\tmargin-top: 10px;\n\t\t\t\ttext-align: center;\n\t\t\t\twidth: 25%;\n\t\t\t}\n\t\t\t#gallery-1 img {\n\t\t\t\tborder: 2px solid #cfcfcf;\n\t\t\t}\n\t\t\t#gallery-1 .gallery-caption {\n\t\t\t\tmargin-left: 0;\n\t\t\t}\n\t\t\t\/* see gallery_shortcode() in wp-includes\/media.php *\/\n\t\t<\/style>\n\t\t<div data-carousel-extra='{\"blog_id\":1,\"permalink\":\"https:\\\/\\\/kaffischerhude.de\\\/en\\\/archiv-werner-zoehl\\\/1950-2012-entwuerfe\\\/\",\"likes_blog_id\":false}' id='gallery-1' class='gallery galleryid-66 gallery-columns-4 gallery-size-thumbnail'><dl class='gallery-item'>\n\t\t\t<dt class='gallery-icon portrait'>\n\t\t\t\t<a href='https:\/\/kaffischerhude.de\/en\/malerei-zoehl-gr-01-5\/'><img loading=\"lazy\" decoding=\"async\" width=\"134\" height=\"134\" src=\"https:\/\/kaffischerhude.de\/wp-content\/uploads\/malerei-zoehl-gr-01-5-134x134.jpg\" class=\"attachment-thumbnail size-thumbnail\" alt=\"\" data-attachment-id=\"136\" data-orig-file=\"https:\/\/kaffischerhude.de\/wp-content\/uploads\/malerei-zoehl-gr-01-5.jpg\" data-orig-size=\"473,886\" data-comments-opened=\"0\" data-image-meta=\"{&quot;aperture&quot;:&quot;0&quot;,&quot;credit&quot;:&quot;&quot;,&quot;camera&quot;:&quot;&quot;,&quot;caption&quot;:&quot;&quot;,&quot;created_timestamp&quot;:&quot;0&quot;,&quot;copyright&quot;:&quot;&quot;,&quot;focal_length&quot;:&quot;0&quot;,&quot;iso&quot;:&quot;0&quot;,&quot;shutter_speed&quot;:&quot;0&quot;,&quot;title&quot;:&quot;&quot;,&quot;orientation&quot;:&quot;0&quot;,&quot;keywords&quot;:[]}\" data-image-title=\"Entwurf f\u00fcr eine Bronzet\u00fcr, Schwerte, St. Christophorus, 1952\" data-image-description=\"\" data-medium-file=\"https:\/\/kaffischerhude.de\/wp-content\/uploads\/malerei-zoehl-gr-01-5-160x300.jpg\" data-large-file=\"https:\/\/kaffischerhude.de\/wp-content\/uploads\/malerei-zoehl-gr-01-5.jpg\" \/><\/a>\n\t\t\t<\/dt><\/dl><dl class='gallery-item'>\n\t\t\t<dt class='gallery-icon landscape'>\n\t\t\t\t<a href='https:\/\/kaffischerhude.de\/en\/malerei-zoehl-gr-02-5\/'><img loading=\"lazy\" decoding=\"async\" width=\"134\" height=\"134\" src=\"https:\/\/kaffischerhude.de\/wp-content\/uploads\/malerei-zoehl-gr-02-5-e1458851015620-134x134.jpg\" class=\"attachment-thumbnail size-thumbnail\" alt=\"\" data-attachment-id=\"137\" data-orig-file=\"https:\/\/kaffischerhude.de\/wp-content\/uploads\/malerei-zoehl-gr-02-5.jpg\" data-orig-size=\"909,857\" data-comments-opened=\"0\" data-image-meta=\"{&quot;aperture&quot;:&quot;0&quot;,&quot;credit&quot;:&quot;&quot;,&quot;camera&quot;:&quot;&quot;,&quot;caption&quot;:&quot;&quot;,&quot;created_timestamp&quot;:&quot;0&quot;,&quot;copyright&quot;:&quot;&quot;,&quot;focal_length&quot;:&quot;0&quot;,&quot;iso&quot;:&quot;0&quot;,&quot;shutter_speed&quot;:&quot;0&quot;,&quot;title&quot;:&quot;&quot;,&quot;orientation&quot;:&quot;0&quot;,&quot;keywords&quot;:[]}\" data-image-title=\"Antependien, Liebfrauenkirche, Fischerhude, 1989\" data-image-description=\"\" data-medium-file=\"https:\/\/kaffischerhude.de\/wp-content\/uploads\/malerei-zoehl-gr-02-5-300x283.jpg\" data-large-file=\"https:\/\/kaffischerhude.de\/wp-content\/uploads\/malerei-zoehl-gr-02-5.jpg\" \/><\/a>\n\t\t\t<\/dt><\/dl><dl class='gallery-item'>\n\t\t\t<dt class='gallery-icon portrait'>\n\t\t\t\t<a href='https:\/\/kaffischerhude.de\/en\/malerei-zoehl-gr-03-5\/'><img loading=\"lazy\" decoding=\"async\" width=\"134\" height=\"134\" src=\"https:\/\/kaffischerhude.de\/wp-content\/uploads\/malerei-zoehl-gr-03-5-e1458851044908-134x134.jpg\" class=\"attachment-thumbnail size-thumbnail\" alt=\"\" data-attachment-id=\"138\" data-orig-file=\"https:\/\/kaffischerhude.de\/wp-content\/uploads\/malerei-zoehl-gr-03-5.jpg\" data-orig-size=\"460,768\" data-comments-opened=\"0\" data-image-meta=\"{&quot;aperture&quot;:&quot;0&quot;,&quot;credit&quot;:&quot;&quot;,&quot;camera&quot;:&quot;&quot;,&quot;caption&quot;:&quot;&quot;,&quot;created_timestamp&quot;:&quot;0&quot;,&quot;copyright&quot;:&quot;&quot;,&quot;focal_length&quot;:&quot;0&quot;,&quot;iso&quot;:&quot;0&quot;,&quot;shutter_speed&quot;:&quot;0&quot;,&quot;title&quot;:&quot;&quot;,&quot;orientation&quot;:&quot;0&quot;,&quot;keywords&quot;:[]}\" data-image-title=\"Johannes der T\u00e4ufer, Kapelle der Johanniter-Ordenhauser Bad Oeynhausen, 1992\" data-image-description=\"\" data-medium-file=\"https:\/\/kaffischerhude.de\/wp-content\/uploads\/malerei-zoehl-gr-03-5-180x300.jpg\" data-large-file=\"https:\/\/kaffischerhude.de\/wp-content\/uploads\/malerei-zoehl-gr-03-5.jpg\" \/><\/a>\n\t\t\t<\/dt><\/dl><dl class='gallery-item'>\n\t\t\t<dt class='gallery-icon landscape'>\n\t\t\t\t<a href='https:\/\/kaffischerhude.de\/en\/malerei-zoehl-gr-04-5\/'><img loading=\"lazy\" decoding=\"async\" width=\"134\" height=\"134\" src=\"https:\/\/kaffischerhude.de\/wp-content\/uploads\/malerei-zoehl-gr-04-5-e1458851136354-134x134.jpg\" class=\"attachment-thumbnail size-thumbnail\" alt=\"\" data-attachment-id=\"131\" data-orig-file=\"https:\/\/kaffischerhude.de\/wp-content\/uploads\/malerei-zoehl-gr-04-5.jpg\" data-orig-size=\"943,349\" data-comments-opened=\"0\" data-image-meta=\"{&quot;aperture&quot;:&quot;0&quot;,&quot;credit&quot;:&quot;&quot;,&quot;camera&quot;:&quot;&quot;,&quot;caption&quot;:&quot;&quot;,&quot;created_timestamp&quot;:&quot;0&quot;,&quot;copyright&quot;:&quot;&quot;,&quot;focal_length&quot;:&quot;0&quot;,&quot;iso&quot;:&quot;0&quot;,&quot;shutter_speed&quot;:&quot;0&quot;,&quot;title&quot;:&quot;&quot;,&quot;orientation&quot;:&quot;0&quot;,&quot;keywords&quot;:[]}\" data-image-title=\"Entwurf f\u00fcr eine Glaswand, Privathaus Fischerhude, 2002\" data-image-description=\"\" data-medium-file=\"https:\/\/kaffischerhude.de\/wp-content\/uploads\/malerei-zoehl-gr-04-5-300x111.jpg\" data-large-file=\"https:\/\/kaffischerhude.de\/wp-content\/uploads\/malerei-zoehl-gr-04-5.jpg\" \/><\/a>\n\t\t\t<\/dt><\/dl><br style=\"clear: both\" \/>\n\t\t<\/div>\n\n<p>&nbsp;<\/p>\n<h1>Buchillustrationen und Buchcover<\/h1>\n\n\t\t<style type=\"text\/css\">\n\t\t\t#gallery-2 {\n\t\t\t\tmargin: auto;\n\t\t\t}\n\t\t\t#gallery-2 .gallery-item {\n\t\t\t\tfloat: left;\n\t\t\t\tmargin-top: 10px;\n\t\t\t\ttext-align: center;\n\t\t\t\twidth: 25%;\n\t\t\t}\n\t\t\t#gallery-2 img {\n\t\t\t\tborder: 2px solid #cfcfcf;\n\t\t\t}\n\t\t\t#gallery-2 .gallery-caption {\n\t\t\t\tmargin-left: 0;\n\t\t\t}\n\t\t\t\/* see gallery_shortcode() in wp-includes\/media.php *\/\n\t\t<\/style>\n\t\t<div data-carousel-extra='{\"blog_id\":1,\"permalink\":\"https:\\\/\\\/kaffischerhude.de\\\/en\\\/archiv-werner-zoehl\\\/1950-2012-entwuerfe\\\/\",\"likes_blog_id\":false}' id='gallery-2' class='gallery galleryid-66 gallery-columns-4 gallery-size-thumbnail'><dl class='gallery-item'>\n\t\t\t<dt class='gallery-icon portrait'>\n\t\t\t\t<a href='https:\/\/kaffischerhude.de\/en\/malerei-zoehl-gr-05-5\/'><img loading=\"lazy\" decoding=\"async\" width=\"134\" height=\"134\" src=\"https:\/\/kaffischerhude.de\/wp-content\/uploads\/malerei-zoehl-gr-05-5-134x134.jpg\" class=\"attachment-thumbnail size-thumbnail\" alt=\"\" data-attachment-id=\"132\" data-orig-file=\"https:\/\/kaffischerhude.de\/wp-content\/uploads\/malerei-zoehl-gr-05-5.jpg\" data-orig-size=\"163,214\" data-comments-opened=\"0\" data-image-meta=\"{&quot;aperture&quot;:&quot;0&quot;,&quot;credit&quot;:&quot;&quot;,&quot;camera&quot;:&quot;&quot;,&quot;caption&quot;:&quot;&quot;,&quot;created_timestamp&quot;:&quot;0&quot;,&quot;copyright&quot;:&quot;&quot;,&quot;focal_length&quot;:&quot;0&quot;,&quot;iso&quot;:&quot;0&quot;,&quot;shutter_speed&quot;:&quot;0&quot;,&quot;title&quot;:&quot;&quot;,&quot;orientation&quot;:&quot;0&quot;,&quot;keywords&quot;:[]}\" data-image-title=\"Johann Christoph Hampe, Der vierte Weise &#8211; Ein Spiel mit 8 Zeichnungen aus einem Zyklus von Werner Z\u00f6hl, G\u00f6ttingen 1952\" data-image-description=\"\" data-medium-file=\"https:\/\/kaffischerhude.de\/wp-content\/uploads\/malerei-zoehl-gr-05-5.jpg\" data-large-file=\"https:\/\/kaffischerhude.de\/wp-content\/uploads\/malerei-zoehl-gr-05-5.jpg\" \/><\/a>\n\t\t\t<\/dt><\/dl><dl class='gallery-item'>\n\t\t\t<dt class='gallery-icon portrait'>\n\t\t\t\t<a href='https:\/\/kaffischerhude.de\/en\/malerei-zoehl-gr-06-5\/'><img loading=\"lazy\" decoding=\"async\" width=\"134\" height=\"134\" src=\"https:\/\/kaffischerhude.de\/wp-content\/uploads\/malerei-zoehl-gr-06-5-e1458851461341-134x134.jpg\" class=\"attachment-thumbnail size-thumbnail\" alt=\"\" data-attachment-id=\"133\" data-orig-file=\"https:\/\/kaffischerhude.de\/wp-content\/uploads\/malerei-zoehl-gr-06-5.jpg\" data-orig-size=\"305,489\" data-comments-opened=\"0\" data-image-meta=\"{&quot;aperture&quot;:&quot;0&quot;,&quot;credit&quot;:&quot;&quot;,&quot;camera&quot;:&quot;&quot;,&quot;caption&quot;:&quot;&quot;,&quot;created_timestamp&quot;:&quot;0&quot;,&quot;copyright&quot;:&quot;&quot;,&quot;focal_length&quot;:&quot;0&quot;,&quot;iso&quot;:&quot;0&quot;,&quot;shutter_speed&quot;:&quot;0&quot;,&quot;title&quot;:&quot;&quot;,&quot;orientation&quot;:&quot;0&quot;,&quot;keywords&quot;:[]}\" data-image-title=\"Umschlag, Illustrationen: Almanach auf das Jahr des Herrn 1962. (15. Folge) Herausgeber: Fr. Wittig &#8211; 10 Bildern von W. Z\u00f6hl\" data-image-description=\"\" data-medium-file=\"https:\/\/kaffischerhude.de\/wp-content\/uploads\/malerei-zoehl-gr-06-5-187x300.jpg\" data-large-file=\"https:\/\/kaffischerhude.de\/wp-content\/uploads\/malerei-zoehl-gr-06-5.jpg\" \/><\/a>\n\t\t\t<\/dt><\/dl><dl class='gallery-item'>\n\t\t\t<dt class='gallery-icon portrait'>\n\t\t\t\t<a href='https:\/\/kaffischerhude.de\/en\/startseite\/malerei-zoehl-gr-07-5\/'><img loading=\"lazy\" decoding=\"async\" width=\"134\" height=\"134\" src=\"https:\/\/kaffischerhude.de\/wp-content\/uploads\/malerei-zoehl-gr-07-5-134x134.jpg\" class=\"attachment-thumbnail size-thumbnail\" alt=\"\" data-attachment-id=\"134\" data-orig-file=\"https:\/\/kaffischerhude.de\/wp-content\/uploads\/malerei-zoehl-gr-07-5.jpg\" data-orig-size=\"423,623\" data-comments-opened=\"0\" data-image-meta=\"{&quot;aperture&quot;:&quot;0&quot;,&quot;credit&quot;:&quot;&quot;,&quot;camera&quot;:&quot;&quot;,&quot;caption&quot;:&quot;&quot;,&quot;created_timestamp&quot;:&quot;0&quot;,&quot;copyright&quot;:&quot;&quot;,&quot;focal_length&quot;:&quot;0&quot;,&quot;iso&quot;:&quot;0&quot;,&quot;shutter_speed&quot;:&quot;0&quot;,&quot;title&quot;:&quot;&quot;,&quot;orientation&quot;:&quot;0&quot;,&quot;keywords&quot;:[]}\" data-image-title=\"Umschlagentwurf f\u00fcr: Gehet Hin. 125 Jahre Norddeutsche Mission 1964\" data-image-description=\"\" data-medium-file=\"https:\/\/kaffischerhude.de\/wp-content\/uploads\/malerei-zoehl-gr-07-5-204x300.jpg\" data-large-file=\"https:\/\/kaffischerhude.de\/wp-content\/uploads\/malerei-zoehl-gr-07-5.jpg\" \/><\/a>\n\t\t\t<\/dt><\/dl><dl class='gallery-item'>\n\t\t\t<dt class='gallery-icon portrait'>\n\t\t\t\t<a href='https:\/\/kaffischerhude.de\/en\/malerei-zoehl-gr-08-5\/'><img loading=\"lazy\" decoding=\"async\" width=\"134\" height=\"134\" src=\"https:\/\/kaffischerhude.de\/wp-content\/uploads\/malerei-zoehl-gr-08-5-e1458851418959-134x134.jpg\" class=\"attachment-thumbnail size-thumbnail\" alt=\"\" data-attachment-id=\"135\" data-orig-file=\"https:\/\/kaffischerhude.de\/wp-content\/uploads\/malerei-zoehl-gr-08-5.jpg\" data-orig-size=\"334,461\" data-comments-opened=\"0\" data-image-meta=\"{&quot;aperture&quot;:&quot;0&quot;,&quot;credit&quot;:&quot;&quot;,&quot;camera&quot;:&quot;&quot;,&quot;caption&quot;:&quot;&quot;,&quot;created_timestamp&quot;:&quot;0&quot;,&quot;copyright&quot;:&quot;&quot;,&quot;focal_length&quot;:&quot;0&quot;,&quot;iso&quot;:&quot;0&quot;,&quot;shutter_speed&quot;:&quot;0&quot;,&quot;title&quot;:&quot;&quot;,&quot;orientation&quot;:&quot;0&quot;,&quot;keywords&quot;:[]}\" data-image-title=\"Umschlag, Illustrationen: Die Erkl\u00e4rung, Herausgeber: P. H\u00e4rtling, Th. Wei\u00dfenborn, R.O. Wiener, Quell-Verlag, Stuttgart 1988\" data-image-description=\"\" data-medium-file=\"https:\/\/kaffischerhude.de\/wp-content\/uploads\/malerei-zoehl-gr-08-5-217x300.jpg\" data-large-file=\"https:\/\/kaffischerhude.de\/wp-content\/uploads\/malerei-zoehl-gr-08-5.jpg\" \/><\/a>\n\t\t\t<\/dt><\/dl><br style=\"clear: both\" \/>\n\t\t<\/div>\n\n","protected":false},"excerpt":{"rendered":"<p>\u00d6ffentliche Auftr\u00e4ge &nbsp; Buchillustrationen und Buchcover<\/p>\n","protected":false},"author":1,"featured_media":0,"parent":9,"menu_order":4,"comment_status":"closed","ping_status":"closed","template":"galerieseite.php","meta":{"footnotes":""},"class_list":["post-66","page","type-page","status-publish","hentry"],"translation":{"provider":"WPGlobus","version":"3.0.2","language":"en","enabled_languages":["de","en"],"languages":{"de":{"title":true,"content":true,"excerpt":false},"en":{"title":true,"content":false,"excerpt":false}}},"yoast_head":"<!-- This site is optimized with the Yoast SEO plugin v27.3 - https:\/\/yoast.com\/product\/yoast-seo-wordpress\/ -->\n<title>1950-2012 Drafts - KaFF - art beside the river Fischerhude<\/title>\n<meta name=\"robots\" content=\"index, follow, max-snippet:-1, max-image-preview:large, max-video-preview:-1\" \/>\n<link rel=\"canonical\" href=\"https:\/\/kaffischerhude.de\/archiv-werner-zoehl\/1950-2012-entwuerfe\/\" \/>\n<meta property=\"og:locale\" content=\"en_US\" \/>\n<meta property=\"og:type\" content=\"article\" \/>\n<meta property=\"og:title\" content=\"1950-2012 Drafts - KaFF - art beside the river Fischerhude\" \/>\n<meta property=\"og:url\" content=\"https:\/\/kaffischerhude.de\/archiv-werner-zoehl\/1950-2012-entwuerfe\/\" \/>\n<meta property=\"og:site_name\" content=\"KaFF - art beside the river Fischerhude\" \/>\n<meta property=\"article:modified_time\" content=\"2016-05-13T21:50:48+00:00\" \/>\n<meta property=\"og:image\" content=\"https:\/\/kaffischerhude.de\/wp-content\/uploads\/malerei-zoehl-gr-01-5-134x134.jpg\" \/>\n<meta name=\"twitter:card\" content=\"summary_large_image\" \/>\n<script type=\"application\/ld+json\" class=\"yoast-schema-graph\">{\"@context\":\"https:\\\/\\\/schema.org\",\"@graph\":[{\"@type\":\"WebPage\",\"@id\":\"https:\\\/\\\/kaffischerhude.de\\\/archiv-werner-zoehl\\\/1950-2012-entwuerfe\\\/\",\"url\":\"https:\\\/\\\/kaffischerhude.de\\\/archiv-werner-zoehl\\\/1950-2012-entwuerfe\\\/\",\"name\":\"1950-2012 Drafts - KaFF - art beside the river Fischerhude\",\"isPartOf\":{\"@id\":\"https:\\\/\\\/kaffischerhude.de\\\/#website\"},\"datePublished\":\"2016-02-27T20:07:58+00:00\",\"dateModified\":\"2016-05-13T21:50:48+00:00\",\"breadcrumb\":{\"@id\":\"https:\\\/\\\/kaffischerhude.de\\\/archiv-werner-zoehl\\\/1950-2012-entwuerfe\\\/#breadcrumb\"},\"inLanguage\":\"en-US\",\"potentialAction\":[{\"@type\":\"ReadAction\",\"target\":[\"https:\\\/\\\/kaffischerhude.de\\\/archiv-werner-zoehl\\\/1950-2012-entwuerfe\\\/\"]}]},{\"@type\":\"BreadcrumbList\",\"@id\":\"https:\\\/\\\/kaffischerhude.de\\\/archiv-werner-zoehl\\\/1950-2012-entwuerfe\\\/#breadcrumb\",\"itemListElement\":[{\"@type\":\"ListItem\",\"position\":1,\"name\":\"Home\",\"item\":\"https:\\\/\\\/kaffischerhude.de\\\/\"},{\"@type\":\"ListItem\",\"position\":2,\"name\":\"Archiv Werner Z\u00f6hl\",\"item\":\"https:\\\/\\\/kaffischerhude.de\\\/archiv-werner-zoehl\\\/\"},{\"@type\":\"ListItem\",\"position\":3,\"name\":\"1950-2012 Drafts\"}]},{\"@type\":\"WebSite\",\"@id\":\"https:\\\/\\\/kaffischerhude.de\\\/#website\",\"url\":\"https:\\\/\\\/kaffischerhude.de\\\/\",\"name\":\"KaFF - art beside the river Fischerhude\",\"description\":\"\",\"potentialAction\":[{\"@type\":\"SearchAction\",\"target\":{\"@type\":\"EntryPoint\",\"urlTemplate\":\"https:\\\/\\\/kaffischerhude.de\\\/?s={search_term_string}\"},\"query-input\":{\"@type\":\"PropertyValueSpecification\",\"valueRequired\":true,\"valueName\":\"search_term_string\"}}],\"inLanguage\":\"en-US\"}]}<\/script>\n<!-- \/ Yoast SEO plugin. -->","yoast_head_json":{"title":"1950-2012 Drafts - KaFF - art beside the river Fischerhude","robots":{"index":"index","follow":"follow","max-snippet":"max-snippet:-1","max-image-preview":"max-image-preview:large","max-video-preview":"max-video-preview:-1"},"canonical":"https:\/\/kaffischerhude.de\/archiv-werner-zoehl\/1950-2012-entwuerfe\/","og_locale":"en_US","og_type":"article","og_title":"1950-2012 Drafts - KaFF - art beside the river Fischerhude","og_url":"https:\/\/kaffischerhude.de\/archiv-werner-zoehl\/1950-2012-entwuerfe\/","og_site_name":"KaFF - art beside the river Fischerhude","article_modified_time":"2016-05-13T21:50:48+00:00","og_image":[{"url":"https:\/\/kaffischerhude.de\/wp-content\/uploads\/malerei-zoehl-gr-01-5-134x134.jpg","type":"","width":"","height":""}],"twitter_card":"summary_large_image","schema":{"@context":"https:\/\/schema.org","@graph":[{"@type":"WebPage","@id":"https:\/\/kaffischerhude.de\/archiv-werner-zoehl\/1950-2012-entwuerfe\/","url":"https:\/\/kaffischerhude.de\/archiv-werner-zoehl\/1950-2012-entwuerfe\/","name":"1950-2012 Drafts - KaFF - art beside the river Fischerhude","isPartOf":{"@id":"https:\/\/kaffischerhude.de\/#website"},"datePublished":"2016-02-27T20:07:58+00:00","dateModified":"2016-05-13T21:50:48+00:00","breadcrumb":{"@id":"https:\/\/kaffischerhude.de\/archiv-werner-zoehl\/1950-2012-entwuerfe\/#breadcrumb"},"inLanguage":"en-US","potentialAction":[{"@type":"ReadAction","target":["https:\/\/kaffischerhude.de\/archiv-werner-zoehl\/1950-2012-entwuerfe\/"]}]},{"@type":"BreadcrumbList","@id":"https:\/\/kaffischerhude.de\/archiv-werner-zoehl\/1950-2012-entwuerfe\/#breadcrumb","itemListElement":[{"@type":"ListItem","position":1,"name":"Home","item":"https:\/\/kaffischerhude.de\/"},{"@type":"ListItem","position":2,"name":"Archiv Werner Z\u00f6hl","item":"https:\/\/kaffischerhude.de\/archiv-werner-zoehl\/"},{"@type":"ListItem","position":3,"name":"1950-2012 Drafts"}]},{"@type":"WebSite","@id":"https:\/\/kaffischerhude.de\/#website","url":"https:\/\/kaffischerhude.de\/","name":"KaFF - art beside the river Fischerhude","description":"","potentialAction":[{"@type":"SearchAction","target":{"@type":"EntryPoint","urlTemplate":"https:\/\/kaffischerhude.de\/?s={search_term_string}"},"query-input":{"@type":"PropertyValueSpecification","valueRequired":true,"valueName":"search_term_string"}}],"inLanguage":"en-US"}]}},"_links":{"self":[{"href":"https:\/\/kaffischerhude.de\/en\/wp-json\/wp\/v2\/pages\/66","targetHints":{"allow":["GET"]}}],"collection":[{"href":"https:\/\/kaffischerhude.de\/en\/wp-json\/wp\/v2\/pages"}],"about":[{"href":"https:\/\/kaffischerhude.de\/en\/wp-json\/wp\/v2\/types\/page"}],"author":[{"embeddable":true,"href":"https:\/\/kaffischerhude.de\/en\/wp-json\/wp\/v2\/users\/1"}],"replies":[{"embeddable":true,"href":"https:\/\/kaffischerhude.de\/en\/wp-json\/wp\/v2\/comments?post=66"}],"version-history":[{"count":6,"href":"https:\/\/kaffischerhude.de\/en\/wp-json\/wp\/v2\/pages\/66\/revisions"}],"predecessor-version":[{"id":431,"href":"https:\/\/kaffischerhude.de\/en\/wp-json\/wp\/v2\/pages\/66\/revisions\/431"}],"up":[{"embeddable":true,"href":"https:\/\/kaffischerhude.de\/en\/wp-json\/wp\/v2\/pages\/9"}],"wp:attachment":[{"href":"https:\/\/kaffischerhude.de\/en\/wp-json\/wp\/v2\/media?parent=66"}],"curies":[{"name":"wp","href":"https:\/\/api.w.org\/{rel}","templated":true}]}}